{"id":10368,"date":"2019-01-14T22:19:33","date_gmt":"2019-01-14T21:19:33","guid":{"rendered":"http:\/\/mpfef.gouv.ml\/?page_id=10368"},"modified":"2019-01-14T22:19:35","modified_gmt":"2019-01-14T21:19:35","slug":"cellule-dappui-a-la-decentralisation-et-la-deconcentration","status":"publish","type":"page","link":"http:\/\/mpfef.gouv.ml\/index.php\/cellule-dappui-a-la-decentralisation-et-la-deconcentration\/","title":{"rendered":"Cellule d&rsquo;appui a la decentralisation et la deconcentration"},"content":{"rendered":"\n<p>     <\/p>\n\n\n\n<table class=\"wp-block-table\"><tbody><tr><td><\/td><td><strong>cellule d&rsquo;appui a la decentralisation et la deconcentration <\/strong><strong>DECRET  N\u00b0 09- 662 PM-RM DU 16 DEC 2009<\/strong><br><strong>PORTANT  CREATION DE LA CELLULE D\u2019APPUI  A LA   DECENTRALISATION ET A LA DECONCENTRATION DU  MINISTERE DE LA PROMOTION   DE L\u00c0 FEMME, DE L\u2019ENFANT ET DE LA FAMILLE <\/strong><br><strong>LE PREMIER  MINISTRE,<\/strong><br><em>Vu &nbsp;&nbsp;&nbsp;&nbsp;&nbsp; la Constitution; <\/em><em>Vu &nbsp;&nbsp;&nbsp;&nbsp;&nbsp; la Loi N\u00b093-008 du 11 f\u00e9vrier  1993 modifi\u00e9e, d\u00e9terminant les conditions de la libre administration des  Collectivit\u00e9s Territoriales; <\/em><em>Vu &nbsp;&nbsp;&nbsp;&nbsp;&nbsp; la Loi N\u00b095-034 du 12 avril 1995 modifi\u00e9e,  portant Code des Collectivit\u00e9s Territoriales en R\u00e9publique du Mali et ses  modificatifs subs\u00e9quents; <\/em><em>Vu &nbsp;&nbsp;&nbsp;&nbsp;&nbsp; le  D\u00e9cret N\u00b007-380\/P-RM du 28 septembre 2007 portant nomination du Premier  ministre&nbsp;;<\/em><em>Vu &nbsp;&nbsp;&nbsp;&nbsp;&nbsp; le  D\u00e9cret N\u00b009-157\/P-RM du 9 avril 2009 pant nomination des membres du  Gouvernement; <\/em><br><strong>DECRETE:<\/strong><br><strong>Article <\/strong><strong>1er: <\/strong>11 est cr\u00e9\u00e9 aupr\u00e8s  du Ministre charg\u00e9 de la   Promotion de la   Femme, de l\u2019Enfant et de la Famille une Cellule  d\u2019Appui \u00e0 la   D\u00e9centralisation et \u00e0 la D\u00e9concentration en  abr\u00e9g\u00e9 <br>        CADD-MPFEF. <br>        Article 2 : La Cellule d\u2019Appui \u00e0 la D\u00e9centralisation  et \u00e0 la   D\u00e9concentration du Minist\u00e8re de la Promotion de la Femme, de l\u2019Enfant et de la Famille a pour mission d\u2019impulser  le processus de d\u00e9centralisation et de d\u00e9concentration au sein du D\u00e9partement. <br>        A ce titre, elle est charg\u00e9e de: proc\u00e9der aux \u00e9tudes et proposer les mesures en vue de  r\u00e9aliser la d\u00e9centralisation des services de la promotion de la femme, de l\u2019enfant  et de la famille; &nbsp;apporter une expertise au Minist\u00e8re de la Promotion de la Femme, de l\u2019Enfant et de la Famille en mati\u00e8re de  d\u00e9concentration dans le domaine de la promotion de la femme, de l\u2019enfant et de  la famille; &nbsp;\u00e9laborer et mettre en oeuvre un plan de  transfert des comp\u00e9tences dans le domaine de la promotion de la femme, de  l\u2019enfant et de la famille; &nbsp;\u00e9laborer et mettre en oeuvre un plan de  communication dans le domaine du transfert de comp\u00e9tences et de la  d\u00e9centralisation en mati\u00e8re de promotion de la femme, de l\u2019enfant et de la  famille&nbsp;; &nbsp;apporter  un appui-conseil aux services d\u00e9concentr\u00e9s de la promotion de la femme, de  l\u2019enfant et de la famille et les collectivit\u00e9s territoriales; &nbsp;repr\u00e9senter  le D\u00e9partement dans les forums relatifs \u00e0 la d\u00e9concentration, au transfert de  comp\u00e9tences et \u00e0 la d\u00e9centralisation; &nbsp;participer  \u00e0 l\u2019identification des besoins de formation des agents des collectivit\u00e9s et des  services du D\u00e9partement et proposer les mesures et actions destin\u00e9es au  renforcement de leurs capacit\u00e9s &nbsp;pr\u00e9parer  les textes r\u00e9glementaires devant fixer les d\u00e9tails des comp\u00e9tences \u00e0.  transf\u00e9rer \u00e0 la r\u00e9gion en mati\u00e8re de promotion de la femme, de l\u2019enfant et de  la famille; &nbsp;produire  un rapport p\u00e9riodique sur l\u2019\u00e9tat d\u2019avancement du transfert des comp\u00e9tences et  des ressources. <br><strong>Article 3 <\/strong>: La Cellule d\u2019Appui \u00e0 la D\u00e9centralisation  et \u00e0 la   D\u00e9concentration du Minist\u00e8re de la Promotion de la Femme, de l\u2019Enfant et de la Famille est dirig\u00e9e par un  Chef de Cellule nomm\u00e9 par d\u00e9cret du Premier ministre. <br>        Le Chef de Cellule a  rang de Conseiller Technique de d\u00e9partement minist\u00e9riel. <br>        Il est assist\u00e9 de  quatre (04) cadres nomm\u00e9s dans les m\u00eames conditions. <br>        Les cadres ont rang  de Directeur de service central. <br><br>Article <strong>4: <\/strong>Un arr\u00eat\u00e9  du Ministre de la Promotion  de la Femme, de  l\u2019Enfant et de la Famille  fixe l\u2019organisation et les modalit\u00e9s de fonctionnement de la Cellule d\u2019Appui \u00e0 la D\u00e9centralisation  et \u00e0 la   D\u00e9concentration. <br><strong>Article <\/strong>5: Le  Ministre de la Promotion  de la Femme, de  l\u2019Enfant et de la Famille  et le Ministre de l\u2019Economie et des Finances sont charg\u00e9s, chacun en ce qui le  concerne, de l\u2019ex\u00e9cution du pr\u00e9sent d\u00e9cret qui sera enregistr\u00e9 et publi\u00e9 au  Journal officie<br><strong>Bamako le, 16 DEC 2009<\/strong><\/td><\/tr><\/tbody><\/table>\n","protected":false},"excerpt":{"rendered":"<\/p>\n<p>cellule d&rsquo;appui a la decentralisation et la deconcentration DECRET  N\u00b0 09- 662 PM-RM DU 16 DEC 2009<br \/>PORTANT  CREATION DE LA CELLULE D\u2019APPUI  A LA   DECENTRALISATION ET A LA DECONCENTRATION DU  MINISTERE DE LA PROMOTION   DE L\u00c0 FEMME, DE L\u2019ENFANT ET DE LA FAMILLE <br \/>LE PREMIER  MINISTRE,<br \/><em>Vu &nbsp;&nbsp;&nbsp;&nbsp;&nbsp; la Constitution;<\/em><\/p>\n","protected":false},"author":4,"featured_media":0,"parent":0,"menu_order":0,"comment_status":"closed","ping_status":"closed","template":"","meta":{"_monsterinsights_skip_tracking":false,"_monsterinsights_sitenote_active":false,"_monsterinsights_sitenote_note":"","_monsterinsights_sitenote_category":0,"footnotes":""},"class_list":["post-10368","page","type-page","status-publish","hentry"],"aioseo_notices":[],"_links":{"self":[{"href":"http:\/\/mpfef.gouv.ml\/index.php\/wp-json\/wp\/v2\/pages\/10368","targetHints":{"allow":["GET"]}}],"collection":[{"href":"http:\/\/mpfef.gouv.ml\/index.php\/wp-json\/wp\/v2\/pages"}],"about":[{"href":"http:\/\/mpfef.gouv.ml\/index.php\/wp-json\/wp\/v2\/types\/page"}],"author":[{"embeddable":true,"href":"http:\/\/mpfef.gouv.ml\/index.php\/wp-json\/wp\/v2\/users\/4"}],"replies":[{"embeddable":true,"href":"http:\/\/mpfef.gouv.ml\/index.php\/wp-json\/wp\/v2\/comments?post=10368"}],"version-history":[{"count":1,"href":"http:\/\/mpfef.gouv.ml\/index.php\/wp-json\/wp\/v2\/pages\/10368\/revisions"}],"predecessor-version":[{"id":10369,"href":"http:\/\/mpfef.gouv.ml\/index.php\/wp-json\/wp\/v2\/pages\/10368\/revisions\/10369"}],"wp:attachment":[{"href":"http:\/\/mpfef.gouv.ml\/index.php\/wp-json\/wp\/v2\/media?parent=10368"}],"curies":[{"name":"wp","href":"https:\/\/api.w.org\/{rel}","templated":true}]}}