{"id":10402,"date":"2019-01-16T18:28:25","date_gmt":"2019-01-16T17:28:25","guid":{"rendered":"http:\/\/mpfef.gouv.ml\/?page_id=10402"},"modified":"2019-01-16T19:15:19","modified_gmt":"2019-01-16T18:15:19","slug":"centre-daccueil-et-de-placement-familial","status":"publish","type":"page","link":"http:\/\/mpfef.gouv.ml\/index.php\/centre-daccueil-et-de-placement-familial\/","title":{"rendered":"CENTRE D&rsquo;ACCUEIL ET DE PLACEMENT FAMILIAL"},"content":{"rendered":"\n<p><strong>CENTRE D&rsquo;ACCUEIL ET DE PLACEMENT FAMILIAL <\/strong><\/p>\n\n\n\n<p><strong>PRESENTATION\nDU CENTRE D\u2019ACCUEIL ET DE PLACEMENT FAMILIAL<\/strong><\/p>\n\n\n\n<div class=\"wp-block-image\"><figure class=\"aligncenter is-resized\"><img loading=\"lazy\" decoding=\"async\" src=\"http:\/\/mpfef.gouv.ml\/wp-content\/uploads\/2019\/01\/photo_capf1.jpg\" alt=\"\" class=\"wp-image-10403\" width=\"263\" height=\"239\"\/><\/figure><\/div>\n\n\n\n<p><strong>INTRODUCTION&nbsp;:<\/strong><\/p>\n\n\n\n<p>Le Centre d\u2019Accueil et de placement Familial, commun\u00e9ment appel\u00e9\npouponni\u00e8re de Bamako, est situ\u00e9 en plein centre ville, entre la caserne des\npompiers, les Editions Imprimeries du Mali ( EDIM) et l\u2019Immeuble de Malitel.<\/p>\n\n\n\n<p>Premier \u00e9tablissement public du genre, le centre d\u2019Accueil et de placement\nFamilial s\u2019est progressivement adapt\u00e9 aux diff\u00e9rentes \u00e9tapes de l\u2019\u00e9volution de\nl\u2019Action Sociale dans notre pays.<\/p>\n\n\n\n<p><strong>BREF\nHISTORIQUE:<\/strong><\/p>\n\n\n\n<p>La pouponni\u00e8re de Bamako a d\u2019abord exist\u00e9 dans l\u2019enceinte du service des\nfemmes de l\u2019h\u00f4pital du pont G&nbsp;. C\u2019\u00e9tait simplement une salle r\u00e9serv\u00e9e aux\nenfants n\u00e9s de femmes malades mentales intern\u00e9es dans cet h\u00f4pital. Plus tard,\ndes enfants abandonn\u00e9s se sont ajout\u00e9s au lot. Devant leur nombre croissant, il\na \u00e9t\u00e9 difficile pour l\u2019h\u00f4pital d\u2019assurer leur entretien. C\u2019est ce qui a amen\u00e9\nune Association des femmes de l\u2019\u00e9poque \u00e0 intervenir aupr\u00e8s de la Direction de\nl\u2019Int\u00e9rieur pour demander que soit mis \u00e0 la disposition du service social un\nlocal qui servirait d\u2019abri \u00e0 ces enfants.<\/p>\n\n\n\n<p>C\u2019est ainsi qu\u2019est n\u00e9e, au courant de l\u2019ann\u00e9e 1956 la premi\u00e8re Institution\nayant pour but de recueillir et d\u2019entretenir les b\u00e9b\u00e9s priv\u00e9s de leur maman\npour raison de maladie, de mort ou d\u2019abandon. On l\u2019appela Centre d\u2019Accueil ou\nPouponni\u00e8re<\/p>\n\n\n\n<p><strong>PRESENTATION\nDE L\u2019INSTITUTION ACTUELLE:<\/strong><\/p>\n\n\n\n<p>Tour \u00e0 tour transf\u00e9r\u00e9e de l\u2019h\u00f4pital du Point G\u2019, dans les locaux de\nl\u2019actuel Centre M\u00e9dical Inter-entreprise derri\u00e8re la maison des anciens\ncombattants, puis \u00e0 l\u2019actuel emplacement derri\u00e8re la caserne des Pompiers en\n1970. Elle devient Centre d\u2019Accueil et de Placement Familial&nbsp; au terme de\nl\u2019ordonnance N\u00b090-37\/P.GRM du 5\/6\/1990.<\/p>\n\n\n\n<p>Cette ordonnance lui fixe comme mission&nbsp;; l\u2019accueil, l\u2019entretien,\nl\u2019\u00e9ducation jusqu\u2019\u00e0 l\u2019\u00e2ge de 3 ans les enfants abandonn\u00e9s ou de parents\ninconnus, les orphelins sans soutien, les enfants de m\u00e8res malades mentales.<\/p>\n\n\n\n<p>Le d\u00e9cret N\u00b090-265\/P.GRM du 5\/6\/90 fixant l\u2019organisation et les modalit\u00e9s\nde fonctionnement du CAPF, a \u00e9t\u00e9 abrog\u00e9 et remplac\u00e9 par le d\u00e9cret N\u00b006\u2013006\/P-RM\ndu 11 janvier 2006.<\/p>\n\n\n\n<p>Le Centre d\u2019Accueil et de Placement Familial est rattach\u00e9 \u00e0 la Direction\nNationale de la Promotion de l\u2019Enfant et de la Famille. <\/p>\n\n\n\n<p><strong>STRUCTURES\nDU CENTRE&nbsp;:<\/strong><\/p>\n\n\n\n<ul class=\"wp-block-list\"><li>Une Section Accueil et\n     Encadrement<\/li><li>Une Section Placement <\/li><li>Un Service M\u00e9dical<\/li><li>Economat<\/li><\/ul>\n\n\n\n<p><strong>Admission:\n<\/strong><\/p>\n\n\n\n<p>L\u2019admission de l\u2019enfant au Centre d\u2019Accueil et de Placement Familial\ns\u2019effectue \u00e0 la demande d\u2019 l\u2019une des autorit\u00e9s ci-apr\u00e8s&nbsp;:<\/p>\n\n\n\n<ul class=\"wp-block-list\"><li>Le Directeur National de la\n     Promotion de l\u2019enfant et de la Famille&nbsp;;<\/li><li>Le Directeur R\u00e9gional de la\n     Promotion de la Femme, l\u2019enfant et de la Famille&nbsp;;<\/li><li>Le Directeur Nationale du\n     D\u00e9veloppement Social&nbsp;;<\/li><li>Le Directeur R\u00e9gional du\n     D\u00e9veloppement Social et de l\u2019Economie Solidaire&nbsp;;<\/li><li>Le Juge des Enfants&nbsp;;<\/li><li>Le D\u00e9l\u00e9gu\u00e9 \u00e0 la Protection de\n     l\u2019Enfance&nbsp;;<\/li><li>Le Maire de la Commune&nbsp;;<\/li><li>Le Commandant de la Brigade\n     Charg\u00e9e des M\u0153urs et de la Protection de l\u2019Enfance&nbsp;;<\/li><li>Le Commissaire de Police.<\/li><\/ul>\n\n\n\n<p><strong>DUREE\nDE SEJOUR:<\/strong><\/p>\n\n\n\n<p>&nbsp;Le Centre accueille uniquement les enfants \u00e2g\u00e9s de z\u00e9ro \u00e0 quatre (4)\nans.<\/p>\n\n\n\n<p>Tout enfant accueilli qui atteint les cinq (5) ans r\u00e9volu et qui n\u2019est pas\nremis \u00e0 sa famille ou plac\u00e9 en adoption, est orient\u00e9 sur un Centre de l\u2019Etat ou\nagr\u00e9\u00e9 par celui-ci.<\/p>\n\n\n\n<p>Exceptionnellement, si l\u2019\u00e9tat de l\u2019enfant exige des soins particuliers\nattest\u00e9s par un m\u00e9decin p\u00e9diatre, il peut \u00eatre maintenu au Centre pour une\ndur\u00e9e suppl\u00e9mentaire ne d\u00e9passant pas six (6) mois.<\/p>\n\n\n\n<p><strong>PROCEDURE\nD\u2019ADOPTION:<\/strong><\/p>\n\n\n\n<p>Tout enfant recueilli et admis au Centre d\u2019Accueil et Placement Familial\npeut \u00eatre plac\u00e9 en adoption protection conform\u00e9ment aux dispositions\nl\u00e9gislatives et r\u00e9glementaires en vigueur.<\/p>\n\n\n\n<p>Tout enfant trouv\u00e9 ou tout enfant recueilli d\u00e9clar\u00e9 abandonn\u00e9, admis au\nCentre d\u2019Accueil et de Placement Familial, peut \u00eatre plac\u00e9 en adoption\nfiliation conform\u00e9ment aux dispositions l\u00e9gislatives et r\u00e9glementaires en\nvigueur.<\/p>\n\n\n\n<p>Le dossier de demande d\u2019adoption d\u2019un enfant admis au Centre d\u2019Accueil et\nde Placement Familial est d\u00e9pos\u00e9 \u00e0 la Direction Nationale de la Promotion de\nl\u2019Enfant et de la Famille.<\/p>\n\n\n\n<p>&nbsp;&nbsp; Il comprend&nbsp;: <\/p>\n\n\n\n<p>1 \u2013 Une demande timbr\u00e9e \u00e0 100 F adress\u00e9e au Directeur National de la\nPromotion de l\u2019enfant&nbsp; et de la Famille&nbsp;;<\/p>\n\n\n\n<p>&nbsp;2 \u2013 Rapport d\u2019Enqu\u00eate Sociale de l\u2019aide sociale \u00e0 l\u2019enfance (plus le\nrapport de l\u2019entretien&nbsp; psychologique si besoin en est)&nbsp;;<\/p>\n\n\n\n<p>&nbsp;3 \u2013 Agr\u00e9ment de l\u2019Aide Sociale \u00e0 l\u2019Enfance (ASE)&nbsp;;<\/p>\n\n\n\n<p>&nbsp;4 \u2013 Extrait d\u2019acte de naissance de Monsieur et Madame&nbsp;;<\/p>\n\n\n\n<p>&nbsp;5 \u2013 Extrait d\u2019acte de mariage<\/p>\n\n\n\n<p>&nbsp;6 \u2013 Fiche Individuelle\/Familial d\u2019Etat Civil&nbsp;;<\/p>\n\n\n\n<p>&nbsp;7 \u2013 Extrait de casier judiciaire de Monsieur et Madame&nbsp;;<\/p>\n\n\n\n<p>&nbsp;8 \u2013 Certificat M\u00e9dicaux (physique et mental) de Monsieur et\nMadame&nbsp;;<\/p>\n\n\n\n<p>&nbsp;9 \u2013 Certificat de St\u00e9rilit\u00e9\/d\u2019inf\u00e9condit\u00e9\/d\u2019infertilit\u00e9 conjugale\nd\u2019au moins d\u2019un membre du&nbsp;&nbsp; couple&nbsp;;<\/p>\n\n\n\n<p>10 \u2013 Certificat de Nationalit\u00e9 de Monsieur et Madame&nbsp;;<\/p>\n\n\n\n<p>11 \u2013 Certificat de r\u00e9sidence\/attestation de domicile du couple&nbsp;;<\/p>\n\n\n\n<p>12 \u2013 Avis d\u2019imposition\/ bulletin r\u00e9cent de salaire\/d\u00e9claration de\nrevenus\/attestation sur la situation de fortune&nbsp;;<\/p>\n\n\n\n<p>13 \u2013 Attestation l\u00e9galis\u00e9e d\u2019un parent ou d\u2019un ami en cas de d\u00e9c\u00e8s des\nparents&nbsp;;<\/p>\n\n\n\n<p>14 \u2013 Engagement \u00e0 fournir au moins, un rapport annuel sur l\u2019enfant jusqu\u2019\u00e0\nsa majorit\u00e9 au CAPF (Pouponni\u00e8re)&nbsp;<\/p>\n\n\n\n<p>15 \u2013 Certificat de moralit\u00e9 et de bonne m\u0153urs.<\/p>\n\n\n\n<p><strong>publications<\/strong><\/p>\n\n\n\n<p><strong>realisations\ndu 4 eme trimestre 2010 <\/strong><\/p>\n\n\n\n<p><strong><br>\n<br>\n&nbsp;&nbsp;&nbsp;&nbsp;&nbsp;&nbsp;&nbsp;&nbsp;&nbsp;&nbsp;&nbsp;&nbsp;&nbsp;&nbsp;&nbsp;&nbsp;&nbsp;&nbsp;&nbsp;&nbsp;&nbsp;&nbsp;&nbsp;&nbsp;&nbsp;&nbsp;&nbsp;&nbsp;&nbsp;&nbsp;&nbsp;&nbsp;&nbsp;&nbsp;&nbsp;&nbsp;&nbsp;&nbsp;&nbsp;&nbsp;&nbsp;&nbsp;&nbsp;&nbsp;&nbsp;&nbsp;&nbsp;&nbsp;&nbsp;&nbsp;&nbsp;&nbsp;&nbsp;&nbsp;&nbsp;&nbsp;&nbsp;&nbsp;&nbsp;\nProjet d\u2019\u00e9tablissement<\/strong><\/p>\n\n\n\n<p><br>\nL\u2019an deux mille dix le deux d\u00e9cembre s\u2019est tenu dans la salle de r\u00e9union du\nCAPF<br>\nle lancement du projet d\u2019\u00e9tablissement.<br>\nEtaient pr\u00e9sents&nbsp;:<\/p>\n\n\n\n<ol class=\"wp-block-list\"><li>Les repr\u00e9sentants de\nL\u2019ONG Sant\u00e9 Sud France Mali <\/li><li>Les repr\u00e9sentants de\nla DNPEF<\/li><li>Les repr\u00e9sentants des\nstructures qui collaborent avec le CAPF <\/li><li>Les repr\u00e9sentants des\ndiff\u00e9rentes associations qui aident le CAPF<\/li><li>Les repr\u00e9sentants de\nla pouponni\u00e8re II, ASSUREM-Rue Bamako, ASE &#8211; MALI<\/li><li>Et le personnel du\nCAPF.<\/li><\/ol>\n\n\n\n<p>Ce projet est n\u00e9 de la volont\u00e9 de la pouponni\u00e8re, de l\u2019ONG Sant\u00e9 Sud et <\/p>\n\n\n\n<p>de l\u2019Association&nbsp; L\u00e9o qui \u0153uvrent dans le domaine de l\u2019enfance en\ndifficult\u00e9.<br>\nSon but est de contribuer \u00e0 l\u2019am\u00e9lioration de la prise en charge des enfants\naccueillies \u00e0 la pouponni\u00e8re.<br>\nIL a pour objectif de&nbsp;:<\/p>\n\n\n\n<ol class=\"wp-block-list\"><li>Soutenir l\u2019enfant pour\nl\u2019aider \u00e0 d\u00e9velopper ses comp\u00e9tences par la reconnaissance de son \u00e9tat, son\nrespect, sa protection, des soins appropri\u00e9s et son \u00e9ducation.<\/li><li>Organiser le travail\nde mani\u00e8re \u00e0 ce que, toutes les actions des professionnels engag\u00e8s dans la\nd\u00e9marche am\u00e9liorent la qualit\u00e9 des prestations.<\/li><li>Ouvrir l\u2019\u00e9tablissement\nsur son environnement et l\u2019engager dans un r\u00e9seau de partenariat.<\/li><li>D\u00e9velopper une\napproche dynamique et progressive devant r\u00e9pondre aux attentes des enfants, des\nfamilles d\u2019origines, des familles, adoptantes et des institutions appel\u00e9es \u00e0\nrecevoir les enfants.<\/li><\/ol>\n\n\n\n<p>Ce projet se veut am\u00e9liorer l\u2019accueil et le suivi des enfants &nbsp;dans\nses modalit\u00e9s pratiques et organisationnelles pour les cinq ans \u00e0 venir. C\u2019est\nun outil pour le pr\u00e9sent et met en projection l\u2019avenir d\u2019une part et d\u2019autre\npart permettra de mieux organiser le personnel, de renforcer les capacit\u00e9s et\nla qualit\u00e9 des prestations.<br>\nUn comit\u00e9 de pilotage compos\u00e9 du personnel du CAPF assurera le suivi des\nactivit\u00e9s sous la supervision de l\u2019ONG Sant\u00e9 Sud.<br>\n&nbsp;<\/p>\n\n\n\n<p style=\"text-align:center\"><strong><em>CONTACTS&nbsp;:<\/em><\/strong><\/p>\n\n\n\n<p style=\"text-align:center\"><em>Direction Nationale de la Promotion<\/em><\/p>\n\n\n\n<p style=\"text-align:center\"><em>de l\u2019Enfant et de la Famille<\/em><\/p>\n\n\n\n<p style=\"text-align:center\"><em>B.P.&nbsp;: 2688 \u2013 T\u00e9l.&nbsp;: (223) 228\n53 54 Bamako \u2013 R\u00e9publique du Mali<\/em><\/p>\n\n\n\n<p style=\"text-align:center\"><em>Direction du Centre d\u2019Accueil et<\/em><\/p>\n\n\n\n<p style=\"text-align:center\"><em>de Placement Familial<\/em><\/p>\n\n\n\n<p style=\"text-align:center\"><em>Pouponni\u00e8re \u2013 Bamako \u2013 Mali B.P.&nbsp;:\nE 4938<\/em><\/p>\n\n\n\n<p style=\"text-align:center\"><em>T\u00e9l.&nbsp;: (223) 222 62 26<\/em><\/p>\n\n\n\n<p style=\"text-align:center\">E-mail&nbsp;: <a href=\"mailto:pouponni\u00e8re@datatech.net.ml\">pouponniere@datatech.net.ml<\/a><\/p>\n","protected":false},"excerpt":{"rendered":"<p>CENTRE D&rsquo;ACCUEIL ET DE PLACEMENT FAMILIAL <\/p>\n<p>PRESENTATION<br \/>\nDU CENTRE D\u2019ACCUEIL ET DE PLACEMENT FAMILIAL<\/p>\n<div class=\"wp-block-image\"><\/div>\n<p>INTRODUCTION&nbsp;:<\/p>\n<p>Le Centre d\u2019Accueil et de placement Familial, commun\u00e9ment appel\u00e9<br \/>\npouponni\u00e8re de Bamako, est situ\u00e9 en plein centre ville, entre la caserne des<br \/>\npompiers, les Editions Imprimeries du Mali ( EDIM) et l\u2019Immeuble de Malitel.<\/p>\n","protected":false},"author":4,"featured_media":0,"parent":0,"menu_order":0,"comment_status":"closed","ping_status":"closed","template":"","meta":{"_monsterinsights_skip_tracking":false,"_monsterinsights_sitenote_active":false,"_monsterinsights_sitenote_note":"","_monsterinsights_sitenote_category":0,"footnotes":""},"class_list":["post-10402","page","type-page","status-publish","hentry"],"aioseo_notices":[],"_links":{"self":[{"href":"http:\/\/mpfef.gouv.ml\/index.php\/wp-json\/wp\/v2\/pages\/10402","targetHints":{"allow":["GET"]}}],"collection":[{"href":"http:\/\/mpfef.gouv.ml\/index.php\/wp-json\/wp\/v2\/pages"}],"about":[{"href":"http:\/\/mpfef.gouv.ml\/index.php\/wp-json\/wp\/v2\/types\/page"}],"author":[{"embeddable":true,"href":"http:\/\/mpfef.gouv.ml\/index.php\/wp-json\/wp\/v2\/users\/4"}],"replies":[{"embeddable":true,"href":"http:\/\/mpfef.gouv.ml\/index.php\/wp-json\/wp\/v2\/comments?post=10402"}],"version-history":[{"count":1,"href":"http:\/\/mpfef.gouv.ml\/index.php\/wp-json\/wp\/v2\/pages\/10402\/revisions"}],"predecessor-version":[{"id":10404,"href":"http:\/\/mpfef.gouv.ml\/index.php\/wp-json\/wp\/v2\/pages\/10402\/revisions\/10404"}],"wp:attachment":[{"href":"http:\/\/mpfef.gouv.ml\/index.php\/wp-json\/wp\/v2\/media?parent=10402"}],"curies":[{"name":"wp","href":"https:\/\/api.w.org\/{rel}","templated":true}]}}