{"id":9247,"date":"2017-08-23T12:41:03","date_gmt":"2017-08-23T10:41:03","guid":{"rendered":"http:\/\/mpfef.gouv.ml\/?page_id=9247"},"modified":"2025-10-16T14:19:05","modified_gmt":"2025-10-16T12:19:05","slug":"mot-du-ministre","status":"publish","type":"page","link":"http:\/\/mpfef.gouv.ml\/index.php\/mot-du-ministre\/","title":{"rendered":"Mot du Ministre"},"content":{"rendered":"<p>&nbsp;<\/p>\n<p><img loading=\"lazy\" decoding=\"async\" class=\"alignleft  wp-image-11699\" src=\"http:\/\/mpfef.gouv.ml\/wp-content\/uploads\/2025\/09\/480685732_1039359534676869_6824508372942694603_n-259x300.jpg\" alt=\"\" width=\"281\" height=\"325\" srcset=\"http:\/\/mpfef.gouv.ml\/wp-content\/uploads\/2025\/09\/480685732_1039359534676869_6824508372942694603_n-259x300.jpg 259w, http:\/\/mpfef.gouv.ml\/wp-content\/uploads\/2025\/09\/480685732_1039359534676869_6824508372942694603_n.jpg 433w\" sizes=\"auto, (max-width: 281px) 100vw, 281px\" \/>Mesdames,<br \/>\nMessieurs,<br \/>\nEn ma qualit\u00e9 de Ministre de la Promotion de la Femme, de l\u2019enfant et de la famille, je voudrais entamer ma mission par rendre gr\u00e2ce \u00e0 Dieu et remercier Son Excellence Monsieur Ba Daou , Pr\u00e9sident de la Transition, chef de l\u2019Etat de l\u2019honneur qu\u2019il m\u2019a fait, en pla\u00e7ant sa confiance en ma modeste personne , pour la mise en \u0153uvre de la politique de la Promotion de la femme, de l\u2019enfant et de la famille au Mali. Cette confiance que le Pr\u00e9sident m\u2019a t\u00e9moign\u00e9e, m\u2019emplit d\u2019une immense \u00e9nergie. Sachant que ,la Famille ,les droits des Femmes et des Enfants, sont \u00e0 l\u2019\u00e9preuve d\u2019une ins\u00e9curit\u00e9 , accentu\u00e9e par la Pand\u00e9mie du Covid 19 , au cours de la p\u00e9riode que je passerais \u00e0 la t\u00eate de ce D\u00e9partement , rien n\u2019affaiblira ma volont\u00e9 constante et ma d\u00e9termination \u00e0 m\u2019atteler \u00e0 la cr\u00e9ation d\u2019un environnement favorable , \u00e0 la promotion du genre, \u00e0 la lutte contre les violences bas\u00e9es sur le genre, \u00e0 l\u2019autonomisation de la femme malienne , \u00e0 l\u2019offre d\u2019une meilleure protection des enfants et de la famille .<br \/>\nJe m\u2019emploierai \u00e0 impulser un partenariat fructueux et dynamique entre tous les acteurs nationaux et internationaux intervenant dans ces diff\u00e9rents domaines.<br \/>\nSur ces chantiers, j\u2019aurais besoin de chacune et chacun de vous, convaincue, qu\u2019ensemble nous allons \u00e9crire une des plus belles pages de l\u2019histoire de notre cher Mali.<br \/>\nAujourd\u2019hui, Mesdames et Messieurs, le temps est venu de nous hisser \u00e0 la hauteur d\u2019un Mali nouveau. Le Mali dont r\u00eavent chacune et chacun d\u2019entre nous. Un Mali qui requiert de chacune et de chacun de nous le don de soi, l\u2019int\u00e9grit\u00e9, la rigueur et la constance dans le travail.<br \/>\nNous sommes tous interpel\u00e9s sur la n\u00e9cessit\u00e9 d\u2019accorder aux Hommes et aux Femmes d\u2019\u00e9gales opportunit\u00e9s de r\u00e9alisation de leur potentiel. Pour y parvenir, nous devrions donc, tous ensemble, nous engag\u00e9 \u00e0 faire de la promotion des droits des Femmes, de la famille et la protection de ceux de l\u2019enfant un levier du d\u00e9veloppement de notre soci\u00e9t\u00e9.<br \/>\nCependant, nous ne pourrons atteindre ces r\u00e9sultats sans l\u2019implication et la mobilisation de toutes les composantes de notre soci\u00e9t\u00e9, notamment les d\u00e9cideurs, les femmes, les hommes, les jeunes, les filles et les gar\u00e7ons, les organisations de la soci\u00e9t\u00e9 civile et les Partenaires au d\u00e9veloppement.<br \/>\nJe suis consciente des immenses d\u00e9fis qui nous attendent. Pour les relever, J\u2019invite toutes les femmes du Mali, \u00e0 se joindre \u00e0 moi, chacune \u00e0 quelque niveau qu&rsquo;elle soit, afin de nous permettre de jouer pleinement notre part de responsabilit\u00e9.<br \/>\nQue Dieu b\u00e9nisse le Mali.<\/p>\n","protected":false},"excerpt":{"rendered":"<p>&nbsp;<\/p>\n<p>Mesdames,<br \/>\nMessieurs,<br \/>\nEn ma qualit\u00e9 de Ministre de la Promotion de la Femme, de l\u2019enfant et de la famille, je voudrais entamer ma mission par rendre gr\u00e2ce \u00e0 Dieu et remercier Son Excellence Monsieur Ba Daou , Pr\u00e9sident de la Transition, chef de l\u2019Etat de l\u2019honneur qu\u2019il m\u2019a fait, en pla\u00e7ant sa confiance en ma modeste personne ,<\/p>\n","protected":false},"author":2,"featured_media":0,"parent":0,"menu_order":0,"comment_status":"closed","ping_status":"closed","template":"","meta":{"_monsterinsights_skip_tracking":false,"_monsterinsights_sitenote_active":false,"_monsterinsights_sitenote_note":"","_monsterinsights_sitenote_category":0,"footnotes":""},"class_list":["post-9247","page","type-page","status-publish","hentry"],"aioseo_notices":[],"_links":{"self":[{"href":"http:\/\/mpfef.gouv.ml\/index.php\/wp-json\/wp\/v2\/pages\/9247","targetHints":{"allow":["GET"]}}],"collection":[{"href":"http:\/\/mpfef.gouv.ml\/index.php\/wp-json\/wp\/v2\/pages"}],"about":[{"href":"http:\/\/mpfef.gouv.ml\/index.php\/wp-json\/wp\/v2\/types\/page"}],"author":[{"embeddable":true,"href":"http:\/\/mpfef.gouv.ml\/index.php\/wp-json\/wp\/v2\/users\/2"}],"replies":[{"embeddable":true,"href":"http:\/\/mpfef.gouv.ml\/index.php\/wp-json\/wp\/v2\/comments?post=9247"}],"version-history":[{"count":17,"href":"http:\/\/mpfef.gouv.ml\/index.php\/wp-json\/wp\/v2\/pages\/9247\/revisions"}],"predecessor-version":[{"id":11752,"href":"http:\/\/mpfef.gouv.ml\/index.php\/wp-json\/wp\/v2\/pages\/9247\/revisions\/11752"}],"wp:attachment":[{"href":"http:\/\/mpfef.gouv.ml\/index.php\/wp-json\/wp\/v2\/media?parent=9247"}],"curies":[{"name":"wp","href":"https:\/\/api.w.org\/{rel}","templated":true}]}}