{"id":9438,"date":"2017-08-23T16:37:40","date_gmt":"2017-08-23T14:37:40","guid":{"rendered":"http:\/\/172.16.1.100\/mpfef?page_id=9438"},"modified":"2017-08-23T16:37:40","modified_gmt":"2017-08-23T14:37:40","slug":"dnpia-pdirp-ondy","status":"publish","type":"page","link":"http:\/\/mpfef.gouv.ml\/index.php\/dnpia-pdirp-ondy\/","title":{"rendered":"DNPIA-PDIRP-ONDY"},"content":{"rendered":"<p><b><em>Direction Nationale des Productions et des Industries Animales<\/em><\/b><\/p>\n<p><strong>Programme de D\u00e9veloppement Int\u00e9gr\u00e9 pour la R\u00e9duction de la Pauvret\u00e9 en Zone ONDY (PDIRP-ONDY)<\/strong><\/p>\n<p><b><em>DESCRIPTION DU PROJET: RNP 1885 PDIRP-ONDY<\/em><\/b><\/p>\n<p><strong><b><em>Adresse du projet :\u00a0<\/em><\/b><\/strong>s\/c DNPIA, T\u00e9l :20 22 20 22 ; Fax :20 23 12 17<\/p>\n<p>Email :\u00a0<a href=\"mailto:dnpia@dnpia.org\">dnpia@dnpia.org<\/a><\/p>\n<p><strong><b><em>Zones d\u2019intervention:\u00a0<\/em><\/b><\/strong>R\u00e9gion de Sikasso, cercles de Yanfolila<\/p>\n<p><strong><b><em>Secteur et Sous-secteur :\u00a0<\/em><\/b><\/strong>Economie rurale\/Agriculture<\/p>\n<p><strong><b><em>Bailleurs :\u00a0<\/em><\/b><\/strong>GRM<\/p>\n<p><strong><b><em>Co\u00fbt du projet :\u00a0<\/em><\/b><\/strong>946 millions de F CFA<\/p>\n<p><strong><b><em>Nature du financement :\u00a0<\/em><\/b><\/strong>Budget national<\/p>\n<p><strong><b><em>Modalit\u00e9 d\u2019appui :\u00a0<\/em><\/b><\/strong>Aide projet<\/p>\n<p><strong><b><em>Dur\u00e9e du Projet:\u00a0<\/em><\/b><\/strong>8 ans (2003-2010)<\/p>\n<p><strong><b><em>Logique d\u2019intervention du projet :<\/em><\/b><\/strong><\/p>\n<p>Le programme de d\u00e9veloppement Int\u00e9gr\u00e9 pour la R\u00e9duction de la Pauvret\u00e9 en zone ONDY (PDIRP-ONDY) est soutenu par le GRM sur fonds PPTE. Il a d\u00e9marr\u00e9 en 2003 pour venir en aide, \u00e0 travers la mise en place d\u2019infrastructures et d\u2019\u00e9quipements, \u00e0 certaines couches d\u00e9favoris\u00e9es de la population, n\u2019ayant pas sp\u00e9cifiquement b\u00e9n\u00e9fici\u00e9 des phases pr\u00e9c\u00e9dentes.<\/p>\n<p>L\u2019objectif sectoriel du programme vise l\u2019am\u00e9lioration des revenus et des conditions de vie des couches d\u00e9favoris\u00e9es \u00e0 travers des actions de r\u00e9duction de la pauvret\u00e9.<\/p>\n<p>Les objectifs sp\u00e9cifiques sont :<\/p>\n<p>\uf0a7 Le renforcement des capacit\u00e9s d\u2019organisation, d\u2019Information- Education- Communication (IEC) pour le changement de comportement ;<\/p>\n<p>\uf0a7 L\u2019am\u00e9lioration du niveau d\u2019investissement, d\u2019\u00e9quipement et des revenus des producteurs,<\/p>\n<p>\uf0a7 L\u2019am\u00e9lioration des capacit\u00e9s de conduite d\u2019Activit\u00e9s G\u00e9n\u00e9ratrices de Revenus (AGR) s\u2019appuyant sur le petit \u00e9levage, la p\u00eache artisanale am\u00e9lior\u00e9e, le mara\u00eechage, la transformation des produits agropastoraux et de cueillette.<\/p>\n<p><strong><b><em>Proc\u00e9dures utilis\u00e9es pour le financement international :\u00a0<\/em><\/b><\/strong>Non applicable<\/p>\n<p><strong><b><em>Type d\u2019unit\u00e9 de gestion de projet\u00a0<\/em><\/b><\/strong>: Unit\u00e9 de gestion du projet int\u00e9gr\u00e9e dans l\u2019Administration.<\/p>\n<p><b><em>ETAT D\u2019AVANCEMENT DU PROJET :<\/em><\/b><\/p>\n<p><strong><b><em>Date :\u00a0<\/em><\/b><\/strong>Date de signature : 2002<\/p>\n<p>Date de d\u00e9marrage du projet : 2003<\/p>\n<p>Date du premier d\u00e9caissement : 2003<\/p>\n<p><strong><b><em>Situation d\u2019ex\u00e9cution des principales r\u00e9alisations physiques au 31\/12\/2009 :<\/em><\/b><\/strong><\/p>\n<table width=\"427\">\n<tbody>\n<tr>\n<td width=\"160\"><strong><b><em>Nature<\/em><\/b><\/strong><\/td>\n<td width=\"65\"><strong><b><em>Unit\u00e9<\/em><\/b><\/strong><\/td>\n<td width=\"85\"><strong><b><em>Niveau cible<\/em><\/b><\/strong><\/td>\n<td width=\"132\"><strong><b><em>R\u00e9alisations cumul\u00e9es<\/em><\/b><\/strong><\/td>\n<\/tr>\n<tr>\n<td width=\"160\">Retenue d\u2019eau d\u2019abreuvement et mara\u00eechage<\/td>\n<td width=\"65\">Nombre<\/td>\n<td width=\"85\">8<\/td>\n<td width=\"132\">8<\/td>\n<\/tr>\n<tr>\n<td width=\"160\">Petits p\u00e9rim\u00e8tres mara\u00eechers et \u00e9quipements<\/td>\n<td width=\"65\">Nbre<\/td>\n<td width=\"85\">16<\/td>\n<td width=\"132\">16<\/td>\n<\/tr>\n<tr>\n<td width=\"160\">Plates formes multifonctionnelles<\/td>\n<td width=\"65\">Nbre<\/td>\n<td width=\"85\">8<\/td>\n<td width=\"132\">8<\/td>\n<\/tr>\n<tr>\n<td width=\"160\">March\u00e9s \u00e0 b\u00e9tails avec forage agropastoral<\/td>\n<td width=\"65\">Nbre<\/td>\n<td width=\"85\">1<\/td>\n<td width=\"132\">1<\/td>\n<\/tr>\n<tr>\n<td width=\"160\">Bergeries am\u00e9lior\u00e9es<\/td>\n<td width=\"65\">Nbre<\/td>\n<td width=\"85\">4<\/td>\n<td width=\"132\">4<\/td>\n<\/tr>\n<tr>\n<td width=\"160\">Batteuses, \u00e9greneuses<\/td>\n<td width=\"65\">Nbre<\/td>\n<td width=\"85\">4<\/td>\n<td width=\"132\">4<\/td>\n<\/tr>\n<tr>\n<td width=\"160\">Presses manuelles \u00e0 Karit\u00e9<\/td>\n<td width=\"65\">Nbre<\/td>\n<td width=\"85\">100<\/td>\n<td width=\"132\">100<\/td>\n<\/tr>\n<tr>\n<td width=\"160\">Charrettes asines<\/td>\n<td width=\"65\">Nbre<\/td>\n<td width=\"85\">100<\/td>\n<td width=\"132\">88<\/td>\n<\/tr>\n<tr>\n<td width=\"160\">Panneaux d\u2019\u00e9clairage solaire<\/td>\n<td width=\"65\">Nbre<\/td>\n<td width=\"85\">60<\/td>\n<td width=\"132\">56<\/td>\n<\/tr>\n<tr>\n<td width=\"160\">Biblioth\u00e8ques rurales<\/td>\n<td width=\"65\">Nbre<\/td>\n<td width=\"85\">6<\/td>\n<td width=\"132\">6<\/td>\n<\/tr>\n<tr>\n<td width=\"160\">V\u00e9hicules<\/td>\n<td width=\"65\">Nbre<\/td>\n<td width=\"85\">1<\/td>\n<td width=\"132\">1<\/td>\n<\/tr>\n<\/tbody>\n<\/table>\n<p><strong><b><em>Situation d\u2019ex\u00e9cution financi\u00e8re au 31\/12\/2009<\/em><\/b><\/strong><\/p>\n<table width=\"470\">\n<tbody>\n<tr>\n<td width=\"161\"><strong><b><em>Sources de financement<\/em><\/b><\/strong><\/td>\n<td width=\"121\"><strong><b><em>Financements acquis<\/em><\/b><\/strong><\/p>\n<p><strong>millions F CFA<\/strong><\/td>\n<td width=\"104\"><strong><b><em>Cumul des d\u00e9caissements<\/em><\/b><\/strong><\/p>\n<p><strong>millions F CFA<\/strong><\/td>\n<td width=\"85\"><strong><b><em>Taux de d\u00e9caissement<\/em><\/b><\/strong><\/p>\n<p><strong><b><em>(en %)<\/em><\/b><\/strong><\/td>\n<\/tr>\n<tr>\n<td width=\"161\"><strong><b><em>Financement int\u00e9rieur :<\/em><\/b><\/strong><\/p>\n<p><strong><b><em>A. Budget national :<\/em><\/b><\/strong><\/p>\n<p>&#8211; Equipement \u2013 investissement PPTE :<\/p>\n<p><strong><b><em>B. Autofinancement :<\/em><\/b><\/strong><\/p>\n<p><strong><b><em>C. Autres (populations\/collectivit\u00e9s)<\/em><\/b><\/strong><\/td>\n<td width=\"121\">946<\/td>\n<td width=\"104\">895<\/td>\n<td width=\"85\">95<\/td>\n<\/tr>\n<tr>\n<td width=\"161\"><strong><b><em>Total financement int\u00e9rieur<\/em><\/b><\/strong><\/td>\n<td width=\"121\"><strong><b><em>946<\/em><\/b><\/strong><\/td>\n<td width=\"104\"><strong><b><em>895<\/em><\/b><\/strong><\/td>\n<td width=\"85\"><strong><b><em>95<\/em><\/b><\/strong><\/td>\n<\/tr>\n<tr>\n<td width=\"161\"><strong><b><em>TOTAL DES FINANCEMENTS<\/em><\/b><\/strong><\/td>\n<td width=\"121\"><strong><b><em>946<\/em><\/b><\/strong><\/td>\n<td width=\"104\"><strong><b><em>895<\/em><\/b><\/strong><\/td>\n<td width=\"85\"><strong><b><em>95<\/em><\/b><\/strong><\/td>\n<\/tr>\n<\/tbody>\n<\/table>\n<p><strong><b><em>Contribution directe du Projet\/Programme \u00e0 la r\u00e9duction de la pauvret\u00e9<\/em><\/b><\/strong><\/p>\n<p>L\u2019objectif du programme est de contribuer \u00e0 la r\u00e9duction de la pauvret\u00e9 en milieu rural \u00e0 travers la r\u00e9alisation d\u2019investissements en infrastructures et \u00e9quipements agricoles. Il participera \u00e9galement au renforcement des capacit\u00e9s techniques et organisationnelles des b\u00e9n\u00e9ficiaires. Ainsi, il pourra contribuer \u00e0 l\u2019atteinte de cet objectif et apporter des changements de comportement pour l\u2019am\u00e9lioration des conditions de vie des populations rurales.<\/p>\n","protected":false},"excerpt":{"rendered":"<p><em>Direction Nationale des Productions et des Industries Animales<\/em><\/p>\n<p>Programme de D\u00e9veloppement Int\u00e9gr\u00e9 pour la R\u00e9duction de la Pauvret\u00e9 en Zone ONDY (PDIRP-ONDY)<\/p>\n<p><em>DESCRIPTION DU PROJET: RNP 1885 PDIRP-ONDY<\/em><\/p>\n<p><em>Adresse du projet :\u00a0<\/em>s\/c DNPIA, T\u00e9l :20 22 20 22 ; Fax :20 23 12 17<\/p>\n<p>Email :\u00a0<a href=\"mailto:dnpia@dnpia.org\">dnpia@dnpia.org<\/a><\/p>\n<p><em>Zones d\u2019intervention:\u00a0<\/em>R\u00e9gion de Sikasso,<\/p>\n","protected":false},"author":2,"featured_media":0,"parent":0,"menu_order":0,"comment_status":"closed","ping_status":"closed","template":"","meta":{"_monsterinsights_skip_tracking":false,"_monsterinsights_sitenote_active":false,"_monsterinsights_sitenote_note":"","_monsterinsights_sitenote_category":0,"footnotes":""},"class_list":["post-9438","page","type-page","status-publish","hentry"],"aioseo_notices":[],"_links":{"self":[{"href":"http:\/\/mpfef.gouv.ml\/index.php\/wp-json\/wp\/v2\/pages\/9438","targetHints":{"allow":["GET"]}}],"collection":[{"href":"http:\/\/mpfef.gouv.ml\/index.php\/wp-json\/wp\/v2\/pages"}],"about":[{"href":"http:\/\/mpfef.gouv.ml\/index.php\/wp-json\/wp\/v2\/types\/page"}],"author":[{"embeddable":true,"href":"http:\/\/mpfef.gouv.ml\/index.php\/wp-json\/wp\/v2\/users\/2"}],"replies":[{"embeddable":true,"href":"http:\/\/mpfef.gouv.ml\/index.php\/wp-json\/wp\/v2\/comments?post=9438"}],"version-history":[{"count":1,"href":"http:\/\/mpfef.gouv.ml\/index.php\/wp-json\/wp\/v2\/pages\/9438\/revisions"}],"predecessor-version":[{"id":9441,"href":"http:\/\/mpfef.gouv.ml\/index.php\/wp-json\/wp\/v2\/pages\/9438\/revisions\/9441"}],"wp:attachment":[{"href":"http:\/\/mpfef.gouv.ml\/index.php\/wp-json\/wp\/v2\/media?parent=9438"}],"curies":[{"name":"wp","href":"https:\/\/api.w.org\/{rel}","templated":true}]}}