{"id":9536,"date":"2017-08-25T13:36:46","date_gmt":"2017-08-25T11:36:46","guid":{"rendered":"http:\/\/172.16.1.100\/mpfef?page_id=9536"},"modified":"2017-08-25T13:36:46","modified_gmt":"2017-08-25T11:36:46","slug":"textes","status":"publish","type":"page","link":"http:\/\/mpfef.gouv.ml\/index.php\/textes\/","title":{"rendered":"Textes"},"content":{"rendered":"<p><a href=\"http:\/\/172.16.1.100\/mpfefwp-content\/uploads\/2017\/08\/loi-de-creation.pdf\">Loi portant cr\u00e9ation du Fonds d&rsquo;Appui \u00e0 l&rsquo;Agriculture<\/a><\/p>\n<p><a href=\"http:\/\/172.16.1.100\/mpfefwp-content\/uploads\/2017\/08\/decret-organisation.pdf\">D\u00e9cret fixant l&rsquo;organisation et les modalit\u00e9s de gestion du FNAA<\/a><\/p>\n<p><a href=\"http:\/\/172.16.1.100\/mpfefwp-content\/uploads\/2017\/08\/arrete-gestion.pdf\">Arr\u00eat\u00e9 interminist\u00e9riel fixant le d\u00e9tail de gestion du FNAA<\/a><\/p>\n","protected":false},"excerpt":{"rendered":"<p><a href=\"http:\/\/172.16.1.100\/mpfefwp-content\/uploads\/2017\/08\/loi-de-creation.pdf\">Loi portant cr\u00e9ation du Fonds d&rsquo;Appui \u00e0 l&rsquo;Agriculture<\/a><\/p>\n<p><a href=\"http:\/\/172.16.1.100\/mpfefwp-content\/uploads\/2017\/08\/decret-organisation.pdf\">D\u00e9cret fixant l&rsquo;organisation et les modalit\u00e9s de gestion du FNAA<\/a><\/p>\n<p><a href=\"http:\/\/172.16.1.100\/mpfefwp-content\/uploads\/2017\/08\/arrete-gestion.pdf\">Arr\u00eat\u00e9 interminist\u00e9riel fixant le d\u00e9tail de gestion du FNAA<\/a><\/p>\n","protected":false},"author":2,"featured_media":0,"parent":0,"menu_order":0,"comment_status":"closed","ping_status":"closed","template":"","meta":{"_monsterinsights_skip_tracking":false,"_monsterinsights_sitenote_active":false,"_monsterinsights_sitenote_note":"","_monsterinsights_sitenote_category":0,"footnotes":""},"class_list":["post-9536","page","type-page","status-publish","hentry"],"aioseo_notices":[],"_links":{"self":[{"href":"http:\/\/mpfef.gouv.ml\/index.php\/wp-json\/wp\/v2\/pages\/9536","targetHints":{"allow":["GET"]}}],"collection":[{"href":"http:\/\/mpfef.gouv.ml\/index.php\/wp-json\/wp\/v2\/pages"}],"about":[{"href":"http:\/\/mpfef.gouv.ml\/index.php\/wp-json\/wp\/v2\/types\/page"}],"author":[{"embeddable":true,"href":"http:\/\/mpfef.gouv.ml\/index.php\/wp-json\/wp\/v2\/users\/2"}],"replies":[{"embeddable":true,"href":"http:\/\/mpfef.gouv.ml\/index.php\/wp-json\/wp\/v2\/comments?post=9536"}],"version-history":[{"count":1,"href":"http:\/\/mpfef.gouv.ml\/index.php\/wp-json\/wp\/v2\/pages\/9536\/revisions"}],"predecessor-version":[{"id":9543,"href":"http:\/\/mpfef.gouv.ml\/index.php\/wp-json\/wp\/v2\/pages\/9536\/revisions\/9543"}],"wp:attachment":[{"href":"http:\/\/mpfef.gouv.ml\/index.php\/wp-json\/wp\/v2\/media?parent=9536"}],"curies":[{"name":"wp","href":"https:\/\/api.w.org\/{rel}","templated":true}]}}