{"id":9302,"date":"2017-08-23T13:36:34","date_gmt":"2017-08-23T11:36:34","guid":{"rendered":"http:\/\/172.16.1.100\/mpfef?page_id=9302"},"modified":"2017-08-24T17:43:27","modified_gmt":"2017-08-24T15:43:27","slug":"recherche","status":"publish","type":"page","link":"https:\/\/mpfef.gouv.ml\/index.php\/recherche\/","title":{"rendered":"Recherche"},"content":{"rendered":"<p>Plan Strat\u00e9gique R\u00e9vis\u00e9 de la Recherche Agricole<\/p>\n<p>Le Plan Strat\u00e9gique de la Recherche Agricole \u00e0 Long Terme (PSRALT) du Mali s\u2019inscrit dans une logique de consolidation des acquis tant au plan des m\u00e9thodes d\u2019intervention qu\u2019au plan des r\u00e9formes institutionnelles engag\u00e9es.<\/p>\n<p>Les acteurs du Syst\u00e8me National de Recherche Agricole (utilisateurs des r\u00e9sultats de recherche organis\u00e9s en Conseils R\u00e9gionaux de Recherche et de Vulgarisation Agricole, Collectivit\u00e9s, Structures techniques, Organisations professionnelles) ont \u00e9t\u00e9 largement consult\u00e9s afin de d\u00e9gager des propositions prioritaires de recherche. Ce niveau de planification doit permettre d\u2019assurer une meilleure formulation scientifique et une pertinence accrue des projets de recherche par la prise en compte des pr\u00e9occupations nationales pour chaque domaine de recherche.<\/p>\n<p>Le PSRALT retient sept domaines de recherche :<\/p>\n<p>&#8211; cultures pluviales,<\/p>\n<p>&#8211; cultures irrigu\u00e9es,<\/p>\n<p>&#8211; production et sant\u00e9 animale,<\/p>\n<p>&#8211; ressources foresti\u00e8res, halieutiques et fauniques,<\/p>\n<p>&#8211; syst\u00e8mes de production et \u00e9conomie des fili\u00e8res,<\/p>\n<p>&#8211; environnement et de l\u2019assainissement,<\/p>\n<p>&#8211; m\u00e9canisation Agricole.<\/p>\n","protected":false},"excerpt":{"rendered":"<p>Plan Strat\u00e9gique R\u00e9vis\u00e9 de la Recherche Agricole<\/p>\n<p>Le Plan Strat\u00e9gique de la Recherche Agricole \u00e0 Long Terme (PSRALT) du Mali s\u2019inscrit dans une logique de consolidation des acquis tant au plan des m\u00e9thodes d\u2019intervention qu\u2019au plan des r\u00e9formes institutionnelles engag\u00e9es.<\/p>\n<p>Les acteurs du Syst\u00e8me National de Recherche Agricole (utilisateurs des r\u00e9sultats de recherche organis\u00e9s en Conseils R\u00e9gionaux de Recherche et de Vulgarisation Agricole,<\/p>\n","protected":false},"author":2,"featured_media":0,"parent":0,"menu_order":0,"comment_status":"closed","ping_status":"closed","template":"","meta":{"_monsterinsights_skip_tracking":false,"_monsterinsights_sitenote_active":false,"_monsterinsights_sitenote_note":"","_monsterinsights_sitenote_category":0,"footnotes":""},"class_list":["post-9302","page","type-page","status-publish","hentry"],"aioseo_notices":[],"_links":{"self":[{"href":"https:\/\/mpfef.gouv.ml\/index.php\/wp-json\/wp\/v2\/pages\/9302","targetHints":{"allow":["GET"]}}],"collection":[{"href":"https:\/\/mpfef.gouv.ml\/index.php\/wp-json\/wp\/v2\/pages"}],"about":[{"href":"https:\/\/mpfef.gouv.ml\/index.php\/wp-json\/wp\/v2\/types\/page"}],"author":[{"embeddable":true,"href":"https:\/\/mpfef.gouv.ml\/index.php\/wp-json\/wp\/v2\/users\/2"}],"replies":[{"embeddable":true,"href":"https:\/\/mpfef.gouv.ml\/index.php\/wp-json\/wp\/v2\/comments?post=9302"}],"version-history":[{"count":2,"href":"https:\/\/mpfef.gouv.ml\/index.php\/wp-json\/wp\/v2\/pages\/9302\/revisions"}],"predecessor-version":[{"id":9470,"href":"https:\/\/mpfef.gouv.ml\/index.php\/wp-json\/wp\/v2\/pages\/9302\/revisions\/9470"}],"wp:attachment":[{"href":"https:\/\/mpfef.gouv.ml\/index.php\/wp-json\/wp\/v2\/media?parent=9302"}],"curies":[{"name":"wp","href":"https:\/\/api.w.org\/{rel}","templated":true}]}}