{"id":9306,"date":"2017-08-23T13:37:06","date_gmt":"2017-08-23T11:37:06","guid":{"rendered":"http:\/\/172.16.1.100\/mpfef?page_id=9306"},"modified":"2017-08-24T22:04:21","modified_gmt":"2017-08-24T20:04:21","slug":"genre","status":"publish","type":"page","link":"https:\/\/mpfef.gouv.ml\/index.php\/genre\/","title":{"rendered":"Genre"},"content":{"rendered":"<p>o\u00a0<strong>\u00a0\u00a0<\/strong><strong>Genre<\/strong><\/p>\n<p><strong><br \/>\n<\/strong><\/p>\n<p><strong>\u00a0<\/strong><strong>Prise en compte du genre dans le d\u00e9veloppement Agricole<\/strong><\/p>\n<p><strong>\u00a0<\/strong>La Politique Nationale Genre du Mali (PNG\/Mali) a pour vision l\u2019\u00e9mergence d\u2019 \u00ab\u00a0<b><em>une soci\u00e9t\u00e9 d\u00e9mocratique qui garantit l\u2019\u00e9panouissement de toutes les femmes et de tous les hommes gr\u00e2ce au plein exercice de leurs droits \u00e9gaux fondamentaux, \u00e0 une citoyennet\u00e9 active et participative et \u00e0 l\u2019acc\u00e8s \u00e9quitable aux ressources \u00bb.<\/em><\/b><\/p>\n<p>Les strat\u00e9gies et mesures op\u00e9rationnelles concernent l\u2019am\u00e9lioration de la rentabilit\u00e9 du travail des femmes rurales actives dans les domaines Agricoles et p\u00e9ri Agricoles et portent sur les points suivants:<\/p>\n<ol>\n<li><strong>1<\/strong>. le renforcement des efforts de l\u2019\u00c9tat en mati\u00e8re d\u2019acc\u00e8s \u00e9quitable des hommes et des femmes \u00e0 la terre, notamment au niveau des p\u00e9rim\u00e8tres am\u00e9nag\u00e9s ;<\/li>\n<li><strong>2<\/strong>. le soutien aux initiatives f\u00e9minines en mati\u00e8re de r\u00e9cup\u00e9ration des terres d\u00e9grad\u00e9es ;<\/li>\n<li><strong>3<\/strong>. le renforcement de la capacit\u00e9 des femmes dans l\u2019embouche et le petit \u00e9levage ;<\/li>\n<li><strong>4<\/strong>. le d\u00e9veloppement dans les zones rurales des organisations et f\u00e9d\u00e9rations professionnalis\u00e9es de femmes dans des secteurs sp\u00e9cifiques pour d\u00e9fendre leurs int\u00e9r\u00eats \u00e9conomiques ;<\/li>\n<li><strong>5<\/strong>. le d\u00e9veloppement et la disponibilit\u00e9 des techniques modernes de conservation et de transformation Agroalimentaires ;<\/li>\n<li><strong>6<\/strong>. la facilitation de l\u2019installation des Maliens de la diaspora dans les activit\u00e9s Agricoles.<\/li>\n<\/ol>\n<p><a href=\"http:\/\/mpfef.gouv.ml\/index.php\/federation-nationale-des-femmes-rurales-fenafer\/\">F\u00e9d\u00e9ration Nationale des Femmes Rurales (FENAFER)<\/a><\/p>\n","protected":false},"excerpt":{"rendered":"<p>o\u00a0\u00a0\u00a0Genre<\/p>\n<p>\n<\/p>\n<p>\u00a0Prise en compte du genre dans le d\u00e9veloppement Agricole<\/p>\n<p>\u00a0La Politique Nationale Genre du Mali (PNG\/Mali) a pour vision l\u2019\u00e9mergence d\u2019 \u00ab\u00a0<em>une soci\u00e9t\u00e9 d\u00e9mocratique qui garantit l\u2019\u00e9panouissement de toutes les femmes et de tous les hommes gr\u00e2ce au plein exercice de leurs droits \u00e9gaux fondamentaux,<\/em><\/p>\n","protected":false},"author":2,"featured_media":0,"parent":0,"menu_order":0,"comment_status":"closed","ping_status":"closed","template":"","meta":{"_monsterinsights_skip_tracking":false,"_monsterinsights_sitenote_active":false,"_monsterinsights_sitenote_note":"","_monsterinsights_sitenote_category":0,"footnotes":""},"class_list":["post-9306","page","type-page","status-publish","hentry"],"aioseo_notices":[],"_links":{"self":[{"href":"https:\/\/mpfef.gouv.ml\/index.php\/wp-json\/wp\/v2\/pages\/9306","targetHints":{"allow":["GET"]}}],"collection":[{"href":"https:\/\/mpfef.gouv.ml\/index.php\/wp-json\/wp\/v2\/pages"}],"about":[{"href":"https:\/\/mpfef.gouv.ml\/index.php\/wp-json\/wp\/v2\/types\/page"}],"author":[{"embeddable":true,"href":"https:\/\/mpfef.gouv.ml\/index.php\/wp-json\/wp\/v2\/users\/2"}],"replies":[{"embeddable":true,"href":"https:\/\/mpfef.gouv.ml\/index.php\/wp-json\/wp\/v2\/comments?post=9306"}],"version-history":[{"count":3,"href":"https:\/\/mpfef.gouv.ml\/index.php\/wp-json\/wp\/v2\/pages\/9306\/revisions"}],"predecessor-version":[{"id":9481,"href":"https:\/\/mpfef.gouv.ml\/index.php\/wp-json\/wp\/v2\/pages\/9306\/revisions\/9481"}],"wp:attachment":[{"href":"https:\/\/mpfef.gouv.ml\/index.php\/wp-json\/wp\/v2\/media?parent=9306"}],"curies":[{"name":"wp","href":"https:\/\/api.w.org\/{rel}","templated":true}]}}