{"id":9348,"date":"2017-08-23T13:58:15","date_gmt":"2017-08-23T11:58:15","guid":{"rendered":"http:\/\/172.16.1.100\/mpfef?page_id=9348"},"modified":"2017-08-25T14:04:13","modified_gmt":"2017-08-25T12:04:13","slug":"fnaa","status":"publish","type":"page","link":"https:\/\/mpfef.gouv.ml\/index.php\/fnaa\/","title":{"rendered":"FNAA"},"content":{"rendered":"<h3><strong>Le Fonds National d\u2019Appui \u00e0 l\u2019Agriculture(FNAA)<\/strong><\/h3>\n<p><strong>Pr\u00e9sentation<br \/>\n<\/strong><\/p>\n<p>Le Fonds National d\u2019Appui \u00e0 l\u2019Agriculture(FNAA)\u00a0\u00a0est\u00a0:<\/p>\n<ul>\n<li>une\u00a0\u00a0initiative du gouvernement\u00a0;<\/li>\n<li>une strat\u00e9gie de mobilisation du financement et des ressources en faveur du d\u00e9veloppement Agricole\u00a0;<\/li>\n<\/ul>\n<ul>\n<li>un instrument de mise en \u0153uvre de la Loi d\u2019Orientation Agricole(LOA) et de la Politique de D\u00e9veloppement de l\u2019Agricole du Mali(PDA).<\/li>\n<\/ul>\n<p>En effet, les articles No\u00a058, 119,124 et 126 de la LOA ont pr\u00e9vu la cr\u00e9ation de plusieurs Fonds\u00a0dont\u00a0:<\/p>\n<ul>\n<li>le Fonds de National D\u00e9veloppement Agricole,<\/li>\n<li>le Fonds National des Risques et Calamit\u00e9s Agricoles,<\/li>\n<li>le Fonds de Garantie, et la bonification d\u2019int\u00e9r\u00eats.<\/li>\n<\/ul>\n<p>La fusion de ces fonds a abouti \u00e0 la cr\u00e9ation du\u00a0\u00a0Fonds National d\u2019Appui \u00e0 l\u2019Agriculture(FNAA). L\u2019ensemble des dispositions des articles ci-dessus cit\u00e9s a fait l\u2019objet d\u2019une transcription fid\u00e8le dans les textes r\u00e9gissant l\u2019organisation et le fonctionnement du Fonds.<\/p>\n<p>Il s\u2019agit des textes ci-apr\u00e8s\u00a0:<\/p>\n<ul>\n<li>la loi10-031du 12 juillet 2010, portant cr\u00e9ation du Fonds\u00a0;<\/li>\n<li>le d\u00e9cret 10-574\/P-RM du 26 octobre 2010 fixant l\u2019organisation et les modalit\u00e9s de gestion\u00a0;<\/li>\n<li>l\u2019arr\u00eat\u00e9 interminist\u00e9riel\u00a0No2011-5005 du 08 d\u00e9cembre 2011 fixant le d\u00e9tail des modalit\u00e9s de gestion.<\/li>\n<\/ul>\n<p>Conform\u00e9ment aux textes ci-dessus cit\u00e9s, le FNAA fonctionne sous la forme d\u2019un compte d\u2019affectation sp\u00e9ciale sur le budget d\u2019Etat et comporte trois guichets\u00a0:<\/p>\n<ul>\n<li>Guichet 1\u00a0:\u00a0D\u00e9veloppement Agricole\u00a0;<\/li>\n<li>Guichet 2\u00a0:\u00a0Risques et Calamit\u00e9s Agricoles\u00a0;<\/li>\n<li>Guichet 3\u00a0:\u00a0Fonds de Garantie.<\/li>\n<\/ul>\n<p>Conform\u00e9ment \u00e0 l\u2019article No6 du d\u00e9cret No10- 574\/P-RM du 26 octobre 2010, le Ministre de l\u2019Economie et des Finances est l\u2019ordonnateur du FNAA. Le payeur g\u00e9n\u00e9ral du tr\u00e9sor en est le comptable assignataire.<\/p>\n<p><a href=\"http:\/\/172.16.1.100\/mpfefindex.php\/fonctionnement-du-fnaa\/\">Fonctionnement du FNAA<\/a><\/p>\n<p><a href=\"http:\/\/172.16.1.100\/mpfefindex.php\/gestion-du-fnaa\/\">Gestion du FNAA<\/a><\/p>\n<p><a href=\"http:\/\/172.16.1.100\/mpfefindex.php\/structures-du-fnaa\/\">Structure du FNAA<\/a><\/p>\n<p><a href=\"http:\/\/172.16.1.100\/mpfefindex.php\/textes\/\">Les textes<\/a><\/p>\n<p><a href=\"http:\/\/172.16.1.100\/mpfefwp-content\/uploads\/2017\/08\/presentation-projet.pdf\">Model de pr\u00e9sentation des projets du FNAA<\/a><\/p>\n<p><a href=\"http:\/\/172.16.1.100\/mpfefindex.php\/actes-arretes-et-descisions-fnaa\/\">Actes-Arr\u00eat\u00e9s et D\u00e9cisions<\/a><\/p>\n","protected":false},"excerpt":{"rendered":"<h3>Le Fonds National d\u2019Appui \u00e0 l\u2019Agriculture(FNAA)<\/h3>\n<p>Pr\u00e9sentation\n<\/p>\n<p>Le Fonds National d\u2019Appui \u00e0 l\u2019Agriculture(FNAA)\u00a0\u00a0est\u00a0:<\/p>\n<ul>\n<li>une\u00a0\u00a0initiative du gouvernement\u00a0;<\/li>\n<li>une strat\u00e9gie de mobilisation du financement et des ressources en faveur du d\u00e9veloppement Agricole\u00a0;<\/li>\n<\/ul>\n<ul>\n<li>un instrument de mise en \u0153uvre de la Loi d\u2019Orientation Agricole(LOA) et de la Politique de D\u00e9veloppement de l\u2019Agricole du Mali(PDA).<\/li>\n<\/ul>\n","protected":false},"author":2,"featured_media":0,"parent":0,"menu_order":0,"comment_status":"closed","ping_status":"closed","template":"","meta":{"_monsterinsights_skip_tracking":false,"_monsterinsights_sitenote_active":false,"_monsterinsights_sitenote_note":"","_monsterinsights_sitenote_category":0,"footnotes":""},"class_list":["post-9348","page","type-page","status-publish","hentry"],"aioseo_notices":[],"_links":{"self":[{"href":"https:\/\/mpfef.gouv.ml\/index.php\/wp-json\/wp\/v2\/pages\/9348","targetHints":{"allow":["GET"]}}],"collection":[{"href":"https:\/\/mpfef.gouv.ml\/index.php\/wp-json\/wp\/v2\/pages"}],"about":[{"href":"https:\/\/mpfef.gouv.ml\/index.php\/wp-json\/wp\/v2\/types\/page"}],"author":[{"embeddable":true,"href":"https:\/\/mpfef.gouv.ml\/index.php\/wp-json\/wp\/v2\/users\/2"}],"replies":[{"embeddable":true,"href":"https:\/\/mpfef.gouv.ml\/index.php\/wp-json\/wp\/v2\/comments?post=9348"}],"version-history":[{"count":4,"href":"https:\/\/mpfef.gouv.ml\/index.php\/wp-json\/wp\/v2\/pages\/9348\/revisions"}],"predecessor-version":[{"id":9560,"href":"https:\/\/mpfef.gouv.ml\/index.php\/wp-json\/wp\/v2\/pages\/9348\/revisions\/9560"}],"wp:attachment":[{"href":"https:\/\/mpfef.gouv.ml\/index.php\/wp-json\/wp\/v2\/media?parent=9348"}],"curies":[{"name":"wp","href":"https:\/\/api.w.org\/{rel}","templated":true}]}}