{"id":9363,"date":"2017-08-23T14:24:37","date_gmt":"2017-08-23T12:24:37","guid":{"rendered":"http:\/\/172.16.1.100\/mpfef?page_id=9363"},"modified":"2017-08-23T14:24:37","modified_gmt":"2017-08-23T12:24:37","slug":"direction-nationale-des-services-veterinaires-dnsv","status":"publish","type":"page","link":"https:\/\/mpfef.gouv.ml\/index.php\/direction-nationale-des-services-veterinaires-dnsv\/","title":{"rendered":"Direction Nationale des Services Veterinaires (DNSV)"},"content":{"rendered":"<p>La Direction Nationale des Services V\u00e9t\u00e9rinaires (DNSV) est un service central cr\u00e9\u00e9 par la loi n\u00b0 05- 010 du 11 \/02\/05. Le D\u00e9cret N\u00b009-261\/P-RM du 02 juin 2009 d\u00e9termine son organisation et les modalit\u00e9s de son fonctionnement.<\/p>\n<p>Composante :<\/p>\n<p>La Direction Nationale des Services V\u00e9t\u00e9rinaires comprend au niveau central deux bureaux et trois (3) divisions :<\/p>\n<p>&#8211; Le Bureau Accueil et Orientation<\/p>\n<p>&#8211; Le Bureau Suivi-Evaluation et Information<\/p>\n<p>&#8211; La Division L\u00e9gislation V\u00e9t\u00e9rinaire et des Normes ;<\/p>\n<p>&#8211; La Division Surveillance et Protection Sanitaire ;<\/p>\n<p>&#8211; La Division Inspection et Sant\u00e9 Publique V\u00e9t\u00e9rinaire ;<\/p>\n<p>La Direction Nationale des Services V\u00e9t\u00e9rinaires est repr\u00e9sent\u00e9e :<\/p>\n<p>&#8211; au niveau r\u00e9gion et District de Bamako par la Direction R\u00e9gionale des Services V\u00e9t\u00e9rinaires<\/p>\n<p>&#8211; au niveau cercle par le Secteur V\u00e9t\u00e9rinaire<\/p>\n<p>&#8211; au niveau commune ou groupe de communes par le Poste V\u00e9t\u00e9rinaire.<\/p>\n<p>Missions<\/p>\n<p>La Direction Nationale des Services V\u00e9t\u00e9rinaires (DNSV) est un service public central cr\u00e9\u00e9e par la Loi n\u00b0 05-010 du 11 f\u00e9vrier 2005.<\/p>\n<p>La Direction Nationale des Services V\u00e9t\u00e9rinaires (DNSV) a pour mission d\u2019\u00e9laborer les \u00e9l\u00e9ments de la politique nationale dans les domaines de la protection animale et de la sant\u00e9 publique v\u00e9t\u00e9rinaire et de suivre et coordonner la mise en \u0153uvre de ladite politique.<\/p>\n<p>A cet effet, elle est notamment charg\u00e9e :<\/p>\n<p>&#8211; d\u2019\u00e9laborer et contr\u00f4ler l\u2019application des textes l\u00e9gislatifs et r\u00e9glementaires relatifs \u00e0 la protection zoosanitaire et \u00e0 la sant\u00e9 publique v\u00e9t\u00e9rinaire ;<\/p>\n<p>&#8211; d\u2019\u00e9laborer les programmes nationaux de lutte contre les maladies animales, y compris les zoonoses ;<\/p>\n<p>&#8211; de participer \u00e0 l\u2019\u00e9laboration des normes en mati\u00e8re de protection animale et de sant\u00e9 publique v\u00e9t\u00e9rinaire ;<\/p>\n<p>&#8211; de veiller au renforcement des infrastructures v\u00e9t\u00e9rinaires et des services de sant\u00e9 animale ;<\/p>\n<p>&#8211; d\u2019assurer le contr\u00f4le sanitaire des animaux et des produits animaux ou d\u2019origine animale ;<\/p>\n<p>&#8211; d\u2019appuyer les collectivit\u00e9s territoriales en mati\u00e8re de r\u00e9glementation et de contr\u00f4le zoo sanitaire ;<\/p>\n<p>&#8211; de centraliser, traiter et diffuser les informations et donn\u00e9es statistiques en mati\u00e8re de protection animale et de sant\u00e9 publique v\u00e9t\u00e9rinaire.<\/p>\n<p>-les maladies que sont la p\u00e9ripneumonie contagieuse bovine, la Fi\u00e8vre aphteuse, la tuberculose, la brucellose, la Peste des Petits Ruminants et la Maladie de Newcastle causent d\u2019\u00e9normes pertes \u00e0 l\u2019\u00e9conomie nationale. Aussi les services v\u00e9t\u00e9rinaires sont dans la d\u00e9marche d\u2019intensifier la lutte contre ces pathologies en vue du contr\u00f4le, voir l\u2019\u00e9radication de certaines d\u2019entre elles;<\/p>\n<p>-Depuis 2011 la DNSV, dans le cadre du Programme Qualit\u00e9 UEMOA, s\u2019est inscrite dans la d\u00e9marche qualit\u00e9 conform\u00e9ment \u00e0 la Norme ISO 17020, relative aux Crit\u00e8res g\u00e9n\u00e9raux pour le fonctionnement de diff\u00e9rents types d&rsquo;organismes proc\u00e9dant \u00e0 l&rsquo;inspection.<\/p>\n<p>En 2014 avec l\u2019appui du Projet d\u2019Accroissement de la Productivit\u00e9 Agricole au Mali (PAPAM), la DNSV poursuivra cette d\u00e9marche avec l\u2019\u00e9laboration et la mise en place d&rsquo;un syst\u00e8me documentaire harmonis\u00e9 au sein de l\u2019UEMOA relatif au contr\u00f4le des denr\u00e9es alimentaires d\u2019origine animale et des aliments pour animaux.<\/p>\n<p>En 2014, la DNSV toujours avec l\u2019appui du PAPAM mettra \u00e0 la disposition des agents dans les bassins laitiers, les kits de contr\u00f4le du lait afin de renforcer la s\u00e9curit\u00e9 sanitaire de cette denr\u00e9e alimentaire.<\/p>\n<p>-Les Services v\u00e9t\u00e9rinaires, en collaboration avec les professionnels, s\u2019engagent avec le financement du PAPAM en 2014-2016 dans l\u2019\u00e9laboration et l\u2019application de guides de bonnes pratiques d\u2019hygi\u00e8ne, de transformation et de transport relatif au lait cru local, \u00e0 la viande et au poisson.<\/p>\n","protected":false},"excerpt":{"rendered":"<p>La Direction Nationale des Services V\u00e9t\u00e9rinaires (DNSV) est un service central cr\u00e9\u00e9 par la loi n\u00b0 05- 010 du 11 \/02\/05. Le D\u00e9cret N\u00b009-261\/P-RM du 02 juin 2009 d\u00e9termine son organisation et les modalit\u00e9s de son fonctionnement.<\/p>\n<p>Composante :<\/p>\n<p>La Direction Nationale des Services V\u00e9t\u00e9rinaires comprend au niveau central deux bureaux et trois (3) divisions :<\/p>\n<p>&#8211;<\/p>\n","protected":false},"author":2,"featured_media":0,"parent":0,"menu_order":0,"comment_status":"closed","ping_status":"closed","template":"","meta":{"_monsterinsights_skip_tracking":false,"_monsterinsights_sitenote_active":false,"_monsterinsights_sitenote_note":"","_monsterinsights_sitenote_category":0,"footnotes":""},"class_list":["post-9363","page","type-page","status-publish","hentry"],"aioseo_notices":[],"_links":{"self":[{"href":"https:\/\/mpfef.gouv.ml\/index.php\/wp-json\/wp\/v2\/pages\/9363","targetHints":{"allow":["GET"]}}],"collection":[{"href":"https:\/\/mpfef.gouv.ml\/index.php\/wp-json\/wp\/v2\/pages"}],"about":[{"href":"https:\/\/mpfef.gouv.ml\/index.php\/wp-json\/wp\/v2\/types\/page"}],"author":[{"embeddable":true,"href":"https:\/\/mpfef.gouv.ml\/index.php\/wp-json\/wp\/v2\/users\/2"}],"replies":[{"embeddable":true,"href":"https:\/\/mpfef.gouv.ml\/index.php\/wp-json\/wp\/v2\/comments?post=9363"}],"version-history":[{"count":1,"href":"https:\/\/mpfef.gouv.ml\/index.php\/wp-json\/wp\/v2\/pages\/9363\/revisions"}],"predecessor-version":[{"id":9364,"href":"https:\/\/mpfef.gouv.ml\/index.php\/wp-json\/wp\/v2\/pages\/9363\/revisions\/9364"}],"wp:attachment":[{"href":"https:\/\/mpfef.gouv.ml\/index.php\/wp-json\/wp\/v2\/media?parent=9363"}],"curies":[{"name":"wp","href":"https:\/\/api.w.org\/{rel}","templated":true}]}}