{"id":9391,"date":"2017-08-23T16:15:59","date_gmt":"2017-08-23T14:15:59","guid":{"rendered":"http:\/\/172.16.1.100\/mpfef?page_id=9391"},"modified":"2017-08-23T16:15:59","modified_gmt":"2017-08-23T14:15:59","slug":"dnpia-rnp-22011510","status":"publish","type":"page","link":"https:\/\/mpfef.gouv.ml\/index.php\/dnpia-rnp-22011510\/","title":{"rendered":"DNPIA-RNP 2201\/1510"},"content":{"rendered":"<p>Direction Nationale des Productions et des Industries Animales<\/p>\n<p>PROJET DE TRANSFORMATION DES SOUS PRODUITS D\u2019ABATTAGE<\/p>\n<p>DESCRIPTION DU PROJET: RNP 2201\/1510<\/p>\n<p>Adresse du projet : BP : 265 Bamako,<\/p>\n<p>T\u00e9l : 20 22 20 22 ; Fax : 20 23 12 17<\/p>\n<p>Email : rokiadrabo@yahoo.fr<\/p>\n<p>Zones d\u2019intervention: Bamako<\/p>\n<p>Secteur et Sous-secteur : Economie Rurale\/Elevage<\/p>\n<p>Co\u00fbt total : 1 115 millions de F CFA<\/p>\n<p>Bailleurs : BADEA\/GRM<\/p>\n<p>Nature du financement : Pr\u00eat et Budget national<\/p>\n<p>Modalit\u00e9 d\u2019appui : Aide projet<\/p>\n<p>Dur\u00e9e du Projet: 7 ans (2006 \u2013 2012)<\/p>\n<p>Logique d\u2019intervention du projet :<\/p>\n<p>L\u2019objectif global du projet est de valoriser les sous-produits d\u2019abattage (sang, os, cornes, onglons, sabots et mati\u00e8res stercoraires) par leur transformation en aliment b\u00e9tail en bio gaz et en engrais, ainsi que l\u2019am\u00e9lioration des conditions hygi\u00e9niques et environnementales des infrastructures d\u2019abattage, car ces sous-produits constituent une source de nuisance et de pollution.<\/p>\n<p>Les composantes du projet sont :<\/p>\n<p>A. Travaux de G\u00e9nie Rural<\/p>\n<p>B. Equipement et mat\u00e9riel<\/p>\n<p>C. Mobilier et mat\u00e9riel de bureau<\/p>\n<p>D. Mat\u00e9riel de transport<\/p>\n<p>E. Service de consultant.<\/p>\n<p>Proc\u00e9dures utilis\u00e9es pour le financement international: Proc\u00e9dures du bailleur<\/p>\n<p>Type d\u2019unit\u00e9 de gestion de projet : Unit\u00e9 de gestion int\u00e9gr\u00e9e \u00e0 l\u2019administration<\/p>\n<p>ETAT D\u2019AVANCEMENT DU PROJET :<\/p>\n<p>Dates : Date de signature de l\u2019accord de pr\u00eat : 08\/02\/1996<\/p>\n<p>Date de mise en vigueur 30\/07\/1996<\/p>\n<p>Date de premier d\u00e9caissement : 27\/02\/1995<\/p>\n<p>Situation d\u2019ex\u00e9cution des principales r\u00e9alisations physiques au 31\/12\/2009 :<\/p>\n<p>Nature<br \/>\nUnit\u00e9<br \/>\nNiveau cible<br \/>\nR\u00e9alisations cumul\u00e9es<br \/>\nMobilier et mat\u00e9riel de bureau :<br \/>\n&#8211; Lot de mobiliers<br \/>\nNbre<br \/>\n1<br \/>\n2<br \/>\nMat\u00e9riel de transport :<br \/>\n&#8211; Acquisition de camions de 8 \u00e0 15 tonnes<br \/>\n&#8211; Acquisition de v\u00e9hicules de liaison<br \/>\nNbre<br \/>\nNbre<br \/>\n2<br \/>\n2<br \/>\n2<br \/>\n2<br \/>\nService de consultant :<br \/>\n&#8211; Bureau d\u2019\u00e9tude recrut\u00e9<br \/>\nNbre<br \/>\n1<br \/>\n1<br \/>\nMat\u00e9riel de froid et \u00e9lectrique<br \/>\nNbre<br \/>\n1<br \/>\n1<br \/>\nSituation d\u2019ex\u00e9cution financi\u00e8re au 31\/12\/2009: source DNPIA.<\/p>\n<p>Sources de financement<br \/>\nFinancements acquis<br \/>\nmillions F CFA<br \/>\nCumul des d\u00e9caissements<br \/>\nmillions F CFA<br \/>\nTaux de d\u00e9caissement<br \/>\n(en %)<br \/>\nFinancement int\u00e9rieur :<br \/>\nA. Budget national :<br \/>\n347<br \/>\n96<br \/>\n28<br \/>\nTotal financement int\u00e9rieur<br \/>\n347<br \/>\n96<br \/>\n28 %<br \/>\nFinancement ext\u00e9rieur :<br \/>\n&#8211; BADEA<br \/>\n768<br \/>\n0<br \/>\n0<br \/>\nTotal financement ext\u00e9rieur<br \/>\n768<br \/>\n0<br \/>\n0<br \/>\nTOTAL DES FINANCEMENTS<br \/>\n1 115<br \/>\n96<br \/>\n9 %<br \/>\nCommentaires et observations: Les ressources mobilis\u00e9es ont permis d\u2019acqu\u00e9rir des \u00e9quipements et mat\u00e9riels de transports indispensables pour la r\u00e9alisation des activit\u00e9s du projet.<\/p>\n<p>Contribution directe du Projet\/Programme \u00e0 la r\u00e9duction de la pauvret\u00e9 :<\/p>\n<p>La mise en vigueur du projet cr\u00e9e des emplois pour les jeunes et met \u00e0 la disposition des exploitants agricoles (mara\u00eechers, paysans, etc.) des engrais \u00e0 moindre co\u00fbt. Il contribue \u00e9galement \u00e0 fournir aux \u00e9leveurs et aviculteurs des sous-produits alimentaires de qualit\u00e9.<\/p>\n","protected":false},"excerpt":{"rendered":"<p>Direction Nationale des Productions et des Industries Animales<\/p>\n<p>PROJET DE TRANSFORMATION DES SOUS PRODUITS D\u2019ABATTAGE<\/p>\n<p>DESCRIPTION DU PROJET: RNP 2201\/1510<\/p>\n<p>Adresse du projet : BP : 265 Bamako,<\/p>\n<p>T\u00e9l : 20 22 20 22 ; Fax : 20 23 12 17<\/p>\n<p>Email : rokiadrabo@yahoo.fr<\/p>\n<p>Zones d\u2019intervention: Bamako<\/p>\n<p>Secteur et Sous-secteur : Economie Rurale\/Elevage<\/p>\n<p>Co\u00fbt total : 1 115 millions de F CFA<\/p>\n<p>Bailleurs : BADEA\/GRM<\/p>\n<p>Nature du financement : Pr\u00eat et Budget national<\/p>\n<p>Modalit\u00e9 d\u2019appui : Aide projet<\/p>\n<p>Dur\u00e9e du Projet: 7 ans (2006 \u2013 2012)<\/p>\n<p>Logique d\u2019intervention du projet :<\/p>\n<p>L\u2019objectif global du projet est de valoriser les sous-produits d\u2019abattage (sang,<\/p>\n","protected":false},"author":2,"featured_media":0,"parent":0,"menu_order":0,"comment_status":"closed","ping_status":"closed","template":"","meta":{"_monsterinsights_skip_tracking":false,"_monsterinsights_sitenote_active":false,"_monsterinsights_sitenote_note":"","_monsterinsights_sitenote_category":0,"footnotes":""},"class_list":["post-9391","page","type-page","status-publish","hentry"],"aioseo_notices":[],"_links":{"self":[{"href":"https:\/\/mpfef.gouv.ml\/index.php\/wp-json\/wp\/v2\/pages\/9391","targetHints":{"allow":["GET"]}}],"collection":[{"href":"https:\/\/mpfef.gouv.ml\/index.php\/wp-json\/wp\/v2\/pages"}],"about":[{"href":"https:\/\/mpfef.gouv.ml\/index.php\/wp-json\/wp\/v2\/types\/page"}],"author":[{"embeddable":true,"href":"https:\/\/mpfef.gouv.ml\/index.php\/wp-json\/wp\/v2\/users\/2"}],"replies":[{"embeddable":true,"href":"https:\/\/mpfef.gouv.ml\/index.php\/wp-json\/wp\/v2\/comments?post=9391"}],"version-history":[{"count":1,"href":"https:\/\/mpfef.gouv.ml\/index.php\/wp-json\/wp\/v2\/pages\/9391\/revisions"}],"predecessor-version":[{"id":9395,"href":"https:\/\/mpfef.gouv.ml\/index.php\/wp-json\/wp\/v2\/pages\/9391\/revisions\/9395"}],"wp:attachment":[{"href":"https:\/\/mpfef.gouv.ml\/index.php\/wp-json\/wp\/v2\/media?parent=9391"}],"curies":[{"name":"wp","href":"https:\/\/api.w.org\/{rel}","templated":true}]}}