{"id":9394,"date":"2017-08-23T16:16:42","date_gmt":"2017-08-23T14:16:42","guid":{"rendered":"http:\/\/172.16.1.100\/mpfef?page_id=9394"},"modified":"2017-08-23T16:16:42","modified_gmt":"2017-08-23T14:16:42","slug":"dnp-crsp-mali","status":"publish","type":"page","link":"https:\/\/mpfef.gouv.ml\/index.php\/dnp-crsp-mali\/","title":{"rendered":"DNP-CRSP-Mali"},"content":{"rendered":"<p><b><em>Direction Nationale de la P\u00eache<\/em><\/b><\/p>\n<p><strong><b><em>PROGRAMME CONJOINT D\u2019APPUI A LA RECHERCHE DANS LES DOMAINES DE L\u2019AQUACULTURE ET DE LA PECHE AU MALI (CRSP-MALI)<\/em><\/b><\/strong><\/p>\n<p><strong><b><em>\u00a0DESCRIPTION DU PROJET: SN RNP CRSP-MALI<\/em><\/b><\/strong><\/p>\n<p><strong><b><em>Adresse du projet :\u00a0<\/em><\/b><\/strong>S\/C DNP, T\u00e9l : 20 22 76 77 \/ 20 22 54 58 ; Fax : 20 22 52 30<\/p>\n<p>Email :\u00a0<a href=\"mailto:dnp@datatech.net.ml\">dnp@datatech.net.ml<\/a><\/p>\n<p><strong><b><em>\u00a0Zones d\u2019intervention:\u00a0<\/em><\/b><\/strong>R\u00e9gion de Koulikoro , Sikasso et S\u00e9gou<\/p>\n<p><strong><b><em>Secteur et Sous-secteur :\u00a0<\/em><\/b><\/strong>Economie rurale\/P\u00eache<\/p>\n<p><strong><b><em>Bailleurs :\u00a0<\/em><\/b><\/strong>USAID<\/p>\n<p><strong><b><em>Co\u00fbt du programme :\u00a0<\/em><\/b><\/strong>375 millions F CFA<\/p>\n<p><strong><b><em>Nature du financement :\u00a0<\/em><\/b><\/strong>Subvention<\/p>\n<p><strong><b><em>Modalit\u00e9 d\u2019appui :\u00a0<\/em><\/b><\/strong>Aide projet<\/p>\n<p><strong><b><em>Dur\u00e9e du Projet:\u00a0<\/em><\/b><\/strong>5 ans (2008-2012)<\/p>\n<p><strong><b><em>\u00a0Logique d\u2019intervention du projet :<\/em><\/b><\/strong><\/p>\n<p>Le Programme CRSP-Mali est un programme de recherche d\u00e9veloppement entre le Minist\u00e8re de l\u2019Elevage et de la P\u00eache et l\u2019Universit\u00e9 d\u2019Oregon sur financement de l\u2019USAID Mali.<\/p>\n<p>Le Programme Conjoint d\u2019Appui \u00e0 la Recherche dans les domaines de l\u2019Aquaculture et de la P\u00eache au Mali (CRSP-Mali) porte sur trois th\u00e8mes :<\/p>\n<p>Th\u00e8me 1 &#8211; la pisciculture dans la zone p\u00e9ri-urbaine de Bamako ;<\/p>\n<p>Th\u00e8me 2 &#8211; la rizipisciculture dans la zone de Baguin\u00e9da ;<\/p>\n<p>Th\u00e8me 3 &#8211; l\u2019am\u00e9nagement des p\u00eacheries dans la zone de S\u00e9lingu\u00e9.<\/p>\n<p>Les structures collaboratrices sont (i) pour la composante pisciculture l\u2019Universit\u00e9 de Purdue au USA et l\u2019Universit\u00e9 Mo\u00ef au K\u00e9nya, (ii) pour la rizipisciculture, le Sichuan Aquaculture Engineering de Chine, le Centre de la Recherche en Technologie en Chine et l\u2019Institut Asiatique de Technologie de Tha\u00eflande.<\/p>\n<p><strong><b><em>Proc\u00e9dures utilis\u00e9es pour le financement international:\u00a0<\/em><\/b><\/strong>Proc\u00e9dures du bailleur<\/p>\n<p><strong><b><em>Type d\u2019unit\u00e9 de gestion de projet\u00a0<\/em><\/b><\/strong>: Projet g\u00e9r\u00e9 directement par la DNP<\/p>\n<p><b><em>ETAT D\u2019AVANCEMENT DU PROJET :<\/em><\/b><\/p>\n<p><strong><b><em>Dates :\u00a0<\/em><\/b><\/strong>Date de signature : 2008<\/p>\n<p><b><em>Date de mise en vigueur :\u00a0<\/em><\/b>04\/12\/2008<\/p>\n<p><strong><b><em>\u00a0Principales activit\u00e9s pr\u00e9vues par le projet:<\/em><\/b><\/strong><\/p>\n<table width=\"483\">\n<tbody>\n<tr>\n<td width=\"177\"><strong><b><em>Nature<\/em><\/b><\/strong><\/td>\n<td width=\"76\"><strong><b><em>Unit\u00e9<\/em><\/b><\/strong><\/td>\n<td width=\"85\"><strong><b><em>Niveau cible<\/em><\/b><\/strong><\/td>\n<td width=\"189\"><strong><b><em>R\u00e9alisations cumul\u00e9es<\/em><\/b><\/strong><\/td>\n<\/tr>\n<tr>\n<td width=\"177\">Construction d\u2019\u00e9closerie<\/td>\n<td width=\"76\">Nbre<\/td>\n<td width=\"85\">1<\/td>\n<td width=\"189\">1<\/td>\n<\/tr>\n<tr>\n<td width=\"177\">Formations au Mali<\/td>\n<td width=\"76\">Nbre<\/td>\n<td width=\"85\">120<\/td>\n<td width=\"189\">137<\/td>\n<\/tr>\n<tr>\n<td width=\"177\">Voyages d\u2019\u00e9tude<\/td>\n<td width=\"76\">Nbre<\/td>\n<td width=\"85\">4<\/td>\n<td width=\"189\">4<\/td>\n<\/tr>\n<\/tbody>\n<\/table>\n<p>Des ateliers de formation concernent le suivi d\u2019activit\u00e9s d\u2019enregistrement de donn\u00e9es de production et d\u2019\u00e9valuation de la rentabilit\u00e9 pour les th\u00e8mes 1 et 2. Pour le th\u00e8me III, la formation est suivie d\u2019une activit\u00e9 de contr\u00f4le des d\u00e9barquements de poisson et d\u2019\u00e9valuation de l\u2019effort de p\u00eache en vue de l\u2019\u00e9laboration d\u2019un plan de gestion au niveau du lac de S\u00e9lingu\u00e9.<\/p>\n<p><strong><b><em>\u00a0Situation d\u2019ex\u00e9cution financi\u00e8re au 31\/12\/2009:\u00a0<\/em><\/b><\/strong><b><em>source DNP.<\/em><\/b><\/p>\n<table width=\"514\">\n<tbody>\n<tr>\n<td width=\"168\"><strong><b><em>Sources de financement<\/em><\/b><\/strong><\/td>\n<td width=\"132\"><strong><b><em>Financements acquis<\/em><\/b><\/strong><\/p>\n<p><strong><b><em>millions F CFA<\/em><\/b><\/strong><\/td>\n<td width=\"142\"><strong><b><em>Cumul des d\u00e9caissements<\/em><\/b><\/strong><\/p>\n<p><strong><b><em>millions F CFA<\/em><\/b><\/strong><\/td>\n<td width=\"132\"><strong><b><em>Taux de d\u00e9caissement<\/em><\/b><\/strong><\/p>\n<p><strong><b><em>(en %)<\/em><\/b><\/strong><\/td>\n<\/tr>\n<tr>\n<td width=\"168\"><strong><b><em>Financement Ext\u00e9rieur<\/em><\/b><\/strong><\/p>\n<p><strong>USAID<\/strong><\/td>\n<td width=\"132\">375<\/td>\n<td width=\"142\">330<\/td>\n<td width=\"132\">88<\/td>\n<\/tr>\n<tr>\n<td width=\"168\"><strong><b><em>Total financement ext\u00e9rieur<\/em><\/b><\/strong><\/td>\n<td width=\"132\"><strong><b><em>375<\/em><\/b><\/strong><\/td>\n<td width=\"142\"><strong><b><em>330<\/em><\/b><\/strong><\/td>\n<td width=\"132\"><strong><b><em>88 %<\/em><\/b><\/strong><\/td>\n<\/tr>\n<\/tbody>\n<\/table>\n<p><strong><b><em>\u00a0<\/em><\/b><\/strong><\/p>\n<p><strong><b><em>Contribution directe du Projet\/Programme \u00e0 la r\u00e9duction de la pauvret\u00e9 :<\/em><\/b><\/strong><\/p>\n<p>Le projet vise \u00e0 am\u00e9liorer la productivit\u00e9 et le revenu de producteurs du Mali \u00e0 travers la facilitation de l&rsquo;acc\u00e8s aux technologies et \u00e0 renforcer les capacit\u00e9s des acteurs publics et priv\u00e9s en pisciculture d&rsquo;eau douce, en rizipisciculture et en gestion des p\u00eaches de capture.<\/p>\n","protected":false},"excerpt":{"rendered":"<p><em>Direction Nationale de la P\u00eache<\/em><\/p>\n<p><em>PROGRAMME CONJOINT D\u2019APPUI A LA RECHERCHE DANS LES DOMAINES DE L\u2019AQUACULTURE ET DE LA PECHE AU MALI (CRSP-MALI)<\/em><\/p>\n<p><em>\u00a0DESCRIPTION DU PROJET: SN RNP CRSP-MALI<\/em><\/p>\n<p><em>Adresse du projet :\u00a0<\/em>S\/C DNP, T\u00e9l : 20 22 76 77 \/ 20 22 54 58 ;<\/p>\n","protected":false},"author":2,"featured_media":0,"parent":0,"menu_order":0,"comment_status":"closed","ping_status":"closed","template":"","meta":{"_monsterinsights_skip_tracking":false,"_monsterinsights_sitenote_active":false,"_monsterinsights_sitenote_note":"","_monsterinsights_sitenote_category":0,"footnotes":""},"class_list":["post-9394","page","type-page","status-publish","hentry"],"aioseo_notices":[],"_links":{"self":[{"href":"https:\/\/mpfef.gouv.ml\/index.php\/wp-json\/wp\/v2\/pages\/9394","targetHints":{"allow":["GET"]}}],"collection":[{"href":"https:\/\/mpfef.gouv.ml\/index.php\/wp-json\/wp\/v2\/pages"}],"about":[{"href":"https:\/\/mpfef.gouv.ml\/index.php\/wp-json\/wp\/v2\/types\/page"}],"author":[{"embeddable":true,"href":"https:\/\/mpfef.gouv.ml\/index.php\/wp-json\/wp\/v2\/users\/2"}],"replies":[{"embeddable":true,"href":"https:\/\/mpfef.gouv.ml\/index.php\/wp-json\/wp\/v2\/comments?post=9394"}],"version-history":[{"count":1,"href":"https:\/\/mpfef.gouv.ml\/index.php\/wp-json\/wp\/v2\/pages\/9394\/revisions"}],"predecessor-version":[{"id":9396,"href":"https:\/\/mpfef.gouv.ml\/index.php\/wp-json\/wp\/v2\/pages\/9394\/revisions\/9396"}],"wp:attachment":[{"href":"https:\/\/mpfef.gouv.ml\/index.php\/wp-json\/wp\/v2\/media?parent=9394"}],"curies":[{"name":"wp","href":"https:\/\/api.w.org\/{rel}","templated":true}]}}