{"id":9412,"date":"2017-08-23T16:25:17","date_gmt":"2017-08-23T14:25:17","guid":{"rendered":"http:\/\/172.16.1.100\/mpfef?page_id=9412"},"modified":"2017-08-23T16:25:17","modified_gmt":"2017-08-23T14:25:17","slug":"pafa","status":"publish","type":"page","link":"https:\/\/mpfef.gouv.ml\/index.php\/pafa\/","title":{"rendered":"PAFA"},"content":{"rendered":"<p><strong><b><em>PROJET D\u2019APPUI AUX FILIERES AGRICOLES AU MALI (PAFA)<\/em><\/b><\/strong><\/p>\n<p><b><em>DESCRIPTION DU PROGRAMME: SN \/ PAFA<\/em><\/b><\/p>\n<p><strong><b><em>Adresse du projet :\u00a0<\/em><\/b><\/strong>BP : E3224 1439 rue 260 Kalabancoura (ext. Sud) Bko Tel 20 28 20 30 Email :\u00a0<a href=\"mailto:bamako@pafamali.org\">bamako@pafamali.org<\/a><\/p>\n<p><strong><b><em>Zones d\u2019intervention:\u00a0<\/em><\/b><\/strong>R\u00e9gions Kayes, Koulikoro, Sikasso, S\u00e9gou et le District<\/p>\n<p><strong><b><em>Secteur et Sous-secteur :\u00a0<\/em><\/b><\/strong>Economie rurale\/ Agriculture<\/p>\n<p><strong><b><em>Bailleurs :\u00a0<\/em><\/b><\/strong>CANADA<\/p>\n<p><strong><b><em>Co\u00fbt Total :\u00a0<\/em><\/b><\/strong>5 332 millions de F CFA<\/p>\n<p><strong><b><em>Nature du financement :\u00a0<\/em><\/b><\/strong>Subvention<\/p>\n<p><strong><b><em>Modalit\u00e9 d\u2019appui :\u00a0<\/em><\/b><\/strong>Aide programme<\/p>\n<p><strong><b><em>Dur\u00e9e du Projet:\u00a0<\/em><\/b><\/strong>8 ans (2008-2015)<\/p>\n<p><strong><b><em>Logique d\u2019intervention du projet :<\/em><\/b><\/strong><\/p>\n<p>Le projet est ex\u00e9cut\u00e9 par une agence d\u2019ex\u00e9cution SNC-Lavalin Inc. \/ Alliance Agricole du Nouveau-Brunswick. L\u2019objectif global du projet est de contribuer \u00e0 la r\u00e9duction de la pauvret\u00e9 par l\u2019accroissement des revenus des femmes et des hommes qui interviennent dans les fili\u00e8res karit\u00e9 et \u00e9chalote-oignon-ail. Sp\u00e9cifiquement, le PAFA vise \u00e0 am\u00e9liorer la performance de ces deux fili\u00e8res, en intervenant au niveau des maillons critiques des cha\u00eenes de production, de transformation et de commercialisation. Le Projet est ax\u00e9 sur trois composantes \u00e0 savoir : 1) l\u2019am\u00e9lioration de la production, 2) l\u2019augmentation des ventes et 3) le renforcement des capacit\u00e9s des OP et de l\u2019interprofession. Sa strat\u00e9gie d\u2019intervention fait r\u00e9f\u00e9rence \u00e0 l\u2019appui \u00e0 la demande, le faire-faire, la rentabilit\u00e9 des op\u00e9rations notamment la cr\u00e9ation de valeurs ajout\u00e9es, l\u2019appui \u00e0 la carte et la compl\u00e9mentarit\u00e9 entre intervenants.<\/p>\n<p><strong><b><em>Proc\u00e9dures utilis\u00e9es pour le financement international:\u00a0<\/em><\/b><\/strong>Proc\u00e9dures des bailleurs<\/p>\n<p><strong><b><em>Type d\u2019unit\u00e9 de gestion de projet :\u00a0<\/em><\/b><\/strong>parall\u00e8le (SNC-Lavalin Inc.\/Alliance Agricole du Nouveau-B<b><em>\u00a0ETAT D\u2019AVANCEMENT DU PROJET :<\/em><\/b><\/p>\n<p><strong><b><em>Dates :\u00a0<\/em><\/b><\/strong>Date de signature de l\u2019accord de pr\u00eat\/on : 02\/2009<\/p>\n<p>Date de premier d\u00e9caissement :<\/p>\n<p><strong><b><em>Situation d\u2019ex\u00e9cution financi\u00e8re au 31\/12\/2009:<\/em><\/b><\/strong><\/p>\n<table width=\"473\">\n<tbody>\n<tr>\n<td width=\"206\"><b><em>source PAFA\u00a0<strong>Sources de financement<\/strong><\/em><\/b><\/td>\n<td width=\"123\"><strong><b><em>Financements acquis<\/em><\/b><\/strong><\/p>\n<p><strong>millions F CFA<\/strong><\/td>\n<td width=\"94\"><strong><b><em>Cumul des d\u00e9caissements<\/em><\/b><\/strong><\/p>\n<p><strong>millions F CFA<\/strong><\/td>\n<td width=\"104\"><strong><b><em>Taux de d\u00e9caissement<\/em><\/b><\/strong><\/p>\n<p><strong><b><em>(en %)<\/em><\/b><\/strong><\/td>\n<\/tr>\n<tr>\n<td width=\"206\"><strong><b><em>Financement int\u00e9rieur :<\/em><\/b><\/strong><\/p>\n<p><strong>A. Budget national :<\/strong><\/p>\n<p>&#8211; Equipement \u2013 investissement PPTE :<\/p>\n<p><strong>B. Autofinancement :<\/strong><\/p>\n<p><strong>C. Autres (populations\/collectivit\u00e9s)<\/strong><\/td>\n<td width=\"123\">0<\/td>\n<td width=\"94\">0<\/td>\n<td width=\"104\">0<\/td>\n<\/tr>\n<tr>\n<td width=\"206\"><strong><b><em>Total financement int\u00e9rieur<\/em><\/b><\/strong><\/td>\n<td width=\"123\"><strong><b><em>0<\/em><\/b><\/strong><\/td>\n<td colspan=\"2\" width=\"198\"><strong><b><em>0%<\/em><\/b><\/strong><\/td>\n<\/tr>\n<tr>\n<td width=\"206\"><strong><b><em>Financement ext\u00e9rieur :<\/em><\/b><\/strong><\/p>\n<p>&#8211; Bailleur : CANADA<\/td>\n<td width=\"123\">5 332<\/td>\n<td width=\"94\">679<\/td>\n<td width=\"104\">13<\/td>\n<\/tr>\n<tr>\n<td width=\"206\"><strong><b><em>Total financement ext\u00e9rieur<\/em><\/b><\/strong><\/td>\n<td width=\"123\">5 332<\/td>\n<td colspan=\"2\" width=\"198\"><strong><b><em>13%<\/em><\/b><\/strong><\/td>\n<\/tr>\n<tr>\n<td width=\"206\"><strong><b><em>TOTAL DES FINANCEMENTS<\/em><\/b><\/strong><\/td>\n<td width=\"123\"><strong><b><em>5 332<\/em><\/b><\/strong><\/td>\n<td width=\"94\"><strong><b><em>679<\/em><\/b><\/strong><\/td>\n<td width=\"104\"><strong><b><em>13%<\/em><\/b><\/strong><\/td>\n<\/tr>\n<\/tbody>\n<\/table>\n<p><strong>Commentaires et observations:\u00a0<\/strong>.Le faible taux de d\u00e9caissement s\u2019explique par le fait que le projet a effectivement d\u00e9marr\u00e9 en 2009.<\/p>\n<p><strong><b><em>Contribution directe du Projet\/Programme \u00e0 la r\u00e9duction de la pauvret\u00e9 :<\/em><\/b><\/strong><\/p>\n<p>A travers la mise \u00e0 jour et l\u2019harmonisation de r\u00e9f\u00e9rentiels technico-\u00e9conomiques, la diffusion et la vulgarisation des innovations, les facilit\u00e9s d\u2019acc\u00e8s aux facteurs de production, une meilleure connaissance du march\u00e9, le renforcement de la dynamique organisationnelle et le d\u00e9veloppement de services d\u2019appui, le projet pr\u00e9voit de contribuer \u00e0 la r\u00e9duction de la pauvret\u00e9 par l\u2019accroissement des revenus des femmes et des hommes qui interviennent dans les fili\u00e8res cibles.<\/p>\n","protected":false},"excerpt":{"rendered":"<p><em>PROJET D\u2019APPUI AUX FILIERES AGRICOLES AU MALI (PAFA)<\/em><\/p>\n<p><em>DESCRIPTION DU PROGRAMME: SN \/ PAFA<\/em><\/p>\n<p><em>Adresse du projet :\u00a0<\/em>BP : E3224 1439 rue 260 Kalabancoura (ext. Sud) Bko Tel 20 28 20 30 Email :\u00a0<a href=\"mailto:bamako@pafamali.org\">bamako@pafamali.org<\/a><\/p>\n<p><em>Zones d\u2019intervention:\u00a0<\/em>R\u00e9gions Kayes,<\/p>\n","protected":false},"author":2,"featured_media":0,"parent":0,"menu_order":0,"comment_status":"closed","ping_status":"closed","template":"","meta":{"_monsterinsights_skip_tracking":false,"_monsterinsights_sitenote_active":false,"_monsterinsights_sitenote_note":"","_monsterinsights_sitenote_category":0,"footnotes":""},"class_list":["post-9412","page","type-page","status-publish","hentry"],"aioseo_notices":[],"_links":{"self":[{"href":"https:\/\/mpfef.gouv.ml\/index.php\/wp-json\/wp\/v2\/pages\/9412","targetHints":{"allow":["GET"]}}],"collection":[{"href":"https:\/\/mpfef.gouv.ml\/index.php\/wp-json\/wp\/v2\/pages"}],"about":[{"href":"https:\/\/mpfef.gouv.ml\/index.php\/wp-json\/wp\/v2\/types\/page"}],"author":[{"embeddable":true,"href":"https:\/\/mpfef.gouv.ml\/index.php\/wp-json\/wp\/v2\/users\/2"}],"replies":[{"embeddable":true,"href":"https:\/\/mpfef.gouv.ml\/index.php\/wp-json\/wp\/v2\/comments?post=9412"}],"version-history":[{"count":2,"href":"https:\/\/mpfef.gouv.ml\/index.php\/wp-json\/wp\/v2\/pages\/9412\/revisions"}],"predecessor-version":[{"id":9414,"href":"https:\/\/mpfef.gouv.ml\/index.php\/wp-json\/wp\/v2\/pages\/9412\/revisions\/9414"}],"wp:attachment":[{"href":"https:\/\/mpfef.gouv.ml\/index.php\/wp-json\/wp\/v2\/media?parent=9412"}],"curies":[{"name":"wp","href":"https:\/\/api.w.org\/{rel}","templated":true}]}}