{"id":9472,"date":"2017-08-24T17:46:24","date_gmt":"2017-08-24T15:46:24","guid":{"rendered":"http:\/\/172.16.1.100\/mpfef?page_id=9472"},"modified":"2017-08-24T17:46:59","modified_gmt":"2017-08-24T15:46:59","slug":"federation-nationale-des-femmes-rurales-fenafer","status":"publish","type":"page","link":"https:\/\/mpfef.gouv.ml\/index.php\/federation-nationale-des-femmes-rurales-fenafer\/","title":{"rendered":"F\u00e9d\u00e9ration Nationale des Femmes Rurales (FENAFER)"},"content":{"rendered":"<p>PRESENTATION La F\u00e9d\u00e9ration Nationale des Femmes Rurales (FENAFER) est une association apolitique ind\u00e9pendante, la\u00efque et non confessionnelles n\u00e9e de la volont\u00e9 et de la solidarit\u00e9 des femmes rurales qui ayant constat\u00e9 la d\u00e9gradation progressive de leur situation ont jug\u00e9 n\u00e9cessaire de se regroup\u00e9es. Nos Objectifs globaux : \u2022 Augmenter la production agricole, \u2022 Assurer la s\u00e9curit\u00e9 alimentaire, \u2022 R\u00e9duire la pauvret\u00e9. Nos objectifs sp\u00e9cifiques : \u2022 Former et\u00a0(&#8230;)<\/p>\n<p><strong>PRESENTATION<\/strong><\/p>\n<p>La F\u00e9d\u00e9ration Nationale des Femmes Rurales (FENAFER) est une association apolitique ind\u00e9pendante, la\u00efque et non confessionnelles n\u00e9e de la volont\u00e9 et de la solidarit\u00e9 des femmes rurales qui ayant constat\u00e9 la d\u00e9gradation progressive de leur situation ont jug\u00e9 n\u00e9cessaire de se regroup\u00e9es.<\/p>\n<p><strong>Nos Objectifs globaux<\/strong>\u00a0:<\/p>\n<ul>\n<li>Augmenter la production agricole,<\/li>\n<li>Assurer la s\u00e9curit\u00e9 alimentaire,<\/li>\n<li>R\u00e9duire la pauvret\u00e9.<\/li>\n<\/ul>\n<p><strong>Nos objectifs sp\u00e9cifiques\u00a0:<\/strong><\/p>\n<ul>\n<li>Former et informer la majorit\u00e9 des femmes rurales<\/li>\n<li>Equiper les femmes rurales<\/li>\n<li>Lutter contre le Sida et le paludisme<\/li>\n<li>D\u00e9velopper les fili\u00e8res de productions<\/li>\n<li>R\u00e9aliser des points d\u2019eau<\/li>\n<li>Prot\u00e9ger l\u2019environnement<\/li>\n<\/ul>\n<p><strong>Nos atouts<\/strong>\u00a0: L\u2019effectif, la solidarit\u00e9, l\u2019engagement.<\/p>\n<p><strong>NOS ennemis<\/strong>\u00a0: Le sida, le paludisme, le sous-\u00e9quipement<\/p>\n<p><strong>GROUPES CIBLES<\/strong>\u00a0:<\/p>\n<p>Les interventions de la FENAFER concernent sp\u00e9cifiquement les femmes exer\u00e7ant des activit\u00e9s rurales dans les domaines de l\u2019agriculture, l\u2019\u00e9levage, la p\u00eache, la foresterie et l\u2019artisanat.<\/p>\n<p><strong>DOMAINES D\u2019INTERVENTION<\/strong><\/p>\n<p>Les domaines d\u2019intervention de la FENAFER sont\u00a0:<\/p>\n<ul>\n<li>La formation<\/li>\n<\/ul>\n<ul>\n<li>L\u2019\u00e9quipement<\/li>\n<\/ul>\n<ul>\n<li>La sant\u00e9<\/li>\n<\/ul>\n<ul>\n<li>L\u2019acc\u00e8s \u00e0 l\u2019eau<\/li>\n<\/ul>\n<ul>\n<li>La construction d\u2019infrastructures<\/li>\n<\/ul>\n<ul>\n<li>Le suivi-\u00e9valuation<\/li>\n<\/ul>\n<p><strong>ZONES D\u2019INTERVENTION<\/strong><\/p>\n<p>Les activit\u00e9s de la FENAFER couvrent l\u2019ensemble du territoire malien, les r\u00e9gions de Kayes, Koulikoro, Sikasso, S\u00e9gou, Mopti, Tombouctou, Gao, Kidal et le district de Bamako.<\/p>\n<p><strong>STRATEGIES DE MISE EN \u0152UVRE<\/strong><\/p>\n<p>La strat\u00e9gie d\u2019intervention de la FEANFER est fondamentalement bas\u00e9e sur le renforcement des capacit\u00e9s organisationnelles par la formation, l\u2019information et l\u2019\u00e9quipement des femmes rurales pour augmenter et diversifier les productions agricoles. Pour ce faire la FENAFER va d\u00e9velopper un partenariat dynamique avec les partenaires au d\u00e9veloppement, les ONG et associations \u00e0 travers le monde. L\u2019acc\u00e8s \u00e0 l\u2019eau potable, le Sida et le paludisme \u00e9tant des menaces graves et des contraintes d\u00e9terminantes \u00e0 l\u2019atteinte de nos objectifs, l\u2019association fournira des efforts importants de sensibilisation et de formation de proximit\u00e9 avec l\u2019appui des partenaires afin de lever toutes ces contraintes. La mise en place d\u2019un m\u00e9canisme \u00e9labor\u00e9 souple et adapt\u00e9 de micro cr\u00e9dit autog\u00e9r\u00e9 par et pour les femmes rurales sous-tendra cette strat\u00e9gie afin d\u2019accroitre les revenus des femmes et impulser v\u00e9ritablement la mise en \u0153uvre de la strat\u00e9gie Nationale de Lutte Contre la Pauvret\u00e9. L\u2019organisation de foire internationales et les visites d\u2019\u00e9changes internationales vont permettre \u00e0 la FENAFER de d\u00e9velopper ses activit\u00e9s et de pr\u00e9parer et mettre en \u0153uvre un programme de leadership, plaidoyer\/ lobbying qui lui ouvrirons la voie vers l\u2019autofinancement.<\/p>\n<p><strong>COMPOSITION, ORGANISATION<\/strong><\/p>\n<p>La F\u00e9d\u00e9ration Nationale des Femmes Rurales comprend 9 Associations professionnelles des femmes rurales des r\u00e9gions, 46 associations de femmes rurales des cercles, et 703 associations communales de femmes rurales en perspectives.<\/p>\n<p><strong>MECANISME DE GESTION DE LA FENAFER<\/strong><\/p>\n<p>La FENAFER est g\u00e9r\u00e9e avec toute la rigueur et la transparence requise pour atteindre les objectifs vis\u00e9s et cultiver l\u2019\u00e9quit\u00e9 et l\u2019\u00e9galit\u00e9 n\u00e9cessaires pour maintenir la solidarit\u00e9 associative l\u2019un des atouts majeurs ayants pr\u00e9valus \u00e0 sa cr\u00e9ation. Un compte ouvert \u00e0 la Banque Malienne de Solidarit\u00e9 est cosign\u00e9 par la Pr\u00e9sidente et la Tr\u00e9sori\u00e8re. Les fonds vers\u00e9s et ou investis sont surveill\u00e9s par un comit\u00e9 de surveillance ind\u00e9pendant de cinq membres pr\u00e9sid\u00e9 par une pr\u00e9sidente form\u00e9e \u00e0 cet effet.<\/p>\n","protected":false},"excerpt":{"rendered":"<p>PRESENTATION La F\u00e9d\u00e9ration Nationale des Femmes Rurales (FENAFER) est une association apolitique ind\u00e9pendante, la\u00efque et non confessionnelles n\u00e9e de la volont\u00e9 et de la solidarit\u00e9 des femmes rurales qui ayant constat\u00e9 la d\u00e9gradation progressive de leur situation ont jug\u00e9 n\u00e9cessaire de se regroup\u00e9es. Nos Objectifs globaux : \u2022 Augmenter la production agricole, \u2022 Assurer la s\u00e9curit\u00e9 alimentaire,<\/p>\n","protected":false},"author":2,"featured_media":0,"parent":0,"menu_order":0,"comment_status":"closed","ping_status":"closed","template":"","meta":{"_monsterinsights_skip_tracking":false,"_monsterinsights_sitenote_active":false,"_monsterinsights_sitenote_note":"","_monsterinsights_sitenote_category":0,"footnotes":""},"class_list":["post-9472","page","type-page","status-publish","hentry"],"aioseo_notices":[],"_links":{"self":[{"href":"https:\/\/mpfef.gouv.ml\/index.php\/wp-json\/wp\/v2\/pages\/9472","targetHints":{"allow":["GET"]}}],"collection":[{"href":"https:\/\/mpfef.gouv.ml\/index.php\/wp-json\/wp\/v2\/pages"}],"about":[{"href":"https:\/\/mpfef.gouv.ml\/index.php\/wp-json\/wp\/v2\/types\/page"}],"author":[{"embeddable":true,"href":"https:\/\/mpfef.gouv.ml\/index.php\/wp-json\/wp\/v2\/users\/2"}],"replies":[{"embeddable":true,"href":"https:\/\/mpfef.gouv.ml\/index.php\/wp-json\/wp\/v2\/comments?post=9472"}],"version-history":[{"count":1,"href":"https:\/\/mpfef.gouv.ml\/index.php\/wp-json\/wp\/v2\/pages\/9472\/revisions"}],"predecessor-version":[{"id":9473,"href":"https:\/\/mpfef.gouv.ml\/index.php\/wp-json\/wp\/v2\/pages\/9472\/revisions\/9473"}],"wp:attachment":[{"href":"https:\/\/mpfef.gouv.ml\/index.php\/wp-json\/wp\/v2\/media?parent=9472"}],"curies":[{"name":"wp","href":"https:\/\/api.w.org\/{rel}","templated":true}]}}