{"id":9546,"date":"2017-08-25T13:53:27","date_gmt":"2017-08-25T11:53:27","guid":{"rendered":"http:\/\/172.16.1.100\/mpfef?page_id=9546"},"modified":"2017-08-25T14:02:10","modified_gmt":"2017-08-25T12:02:10","slug":"actes-arretes-et-descisions-fnaa","status":"publish","type":"page","link":"https:\/\/mpfef.gouv.ml\/index.php\/actes-arretes-et-descisions-fnaa\/","title":{"rendered":"Actes-arr\u00eat\u00e9s et Descisions FNAA"},"content":{"rendered":"<p style=\"text-align: center;\"><span style=\"font-size: 29px; font-weight: bold;\">FNAA: Arr\u00eat\u00e9s et D\u00e9cisions<\/span><\/p>\n<p><a href=\"http:\/\/172.16.1.100\/mpfefwp-content\/uploads\/2017\/08\/001-kidal.pdf\">D\u00e9cision portant cr\u00e9ation de la Commission R\u00e9gionale de S\u00e9lection des B\u00e9n\u00e9ficiaires du FNAA de Kidal<\/a><\/p>\n<p><a href=\"http:\/\/172.16.1.100\/mpfefwp-content\/uploads\/2017\/08\/0003-tombouctou.pdf\">D\u00e9cision portant cr\u00e9ation de la Commission R\u00e9gionale de S\u00e9lection des B\u00e9n\u00e9ficiaires du FNAA de Tombouctou<\/a><\/p>\n<p><a href=\"http:\/\/172.16.1.100\/mpfefwp-content\/uploads\/2017\/08\/0733-mopti.pdf\">D\u00e9cision portant cr\u00e9ation de la Commission R\u00e9gionale de S\u00e9lection des B\u00e9n\u00e9ficiaires du FNAA de Mopti<\/a><\/p>\n<p><a href=\"http:\/\/172.16.1.100\/mpfefwp-content\/uploads\/2017\/08\/0803-segou.pdf\">D\u00e9cision portant cr\u00e9ation de la Commission R\u00e9gionale de S\u00e9lection des B\u00e9n\u00e9ficiaires du FNAA de S\u00e9gou<\/a><\/p>\n<p><a href=\"http:\/\/172.16.1.100\/mpfefwp-content\/uploads\/2017\/08\/0530-sikasso.pdf\">D\u00e9cision portant cr\u00e9ation de la Commission R\u00e9gionale de S\u00e9lection des B\u00e9n\u00e9ficiaires du FNAA de Sikasso<\/a><\/p>\n<p><a href=\"http:\/\/172.16.1.100\/mpfefwp-content\/uploads\/2017\/08\/0931-koulikoro.pdf\">D\u00e9cision portant cr\u00e9ation de la Commission R\u00e9gionale de S\u00e9lection des B\u00e9n\u00e9ficiaires du FNAA de Koulikoro<\/a><\/p>\n<p><a href=\"http:\/\/172.16.1.100\/mpfefwp-content\/uploads\/2017\/08\/1157-kayes.pdf\">D\u00e9cision portant cr\u00e9ation de la Commission R\u00e9gionale de S\u00e9lection des B\u00e9n\u00e9ficiaires du FNAA de Kayes<\/a><\/p>\n<p><a href=\"http:\/\/172.16.1.100\/mpfefwp-content\/uploads\/2017\/08\/decision-4719-fnaa-bamako.pdf\">D\u00e9cision portant cr\u00e9ation de la Commission R\u00e9gionale de S\u00e9lection des B\u00e9n\u00e9ficiaires du FNAA de District de Bamako<\/a><\/p>\n<p><a href=\"http:\/\/172.16.1.100\/mpfefwp-content\/uploads\/2017\/08\/gao.pdf\">D\u00e9cision portant cr\u00e9ation de la Commission R\u00e9gionale de S\u00e9lection des B\u00e9n\u00e9ficiaires du FNAA de District de Gao<\/a><\/p>\n","protected":false},"excerpt":{"rendered":"<p style=\"text-align: center;\">FNAA: Arr\u00eat\u00e9s et D\u00e9cisions<\/p>\n<p><a href=\"http:\/\/172.16.1.100\/mpfefwp-content\/uploads\/2017\/08\/001-kidal.pdf\">D\u00e9cision portant cr\u00e9ation de la Commission R\u00e9gionale de S\u00e9lection des B\u00e9n\u00e9ficiaires du FNAA de Kidal<\/a><\/p>\n<p><a href=\"http:\/\/172.16.1.100\/mpfefwp-content\/uploads\/2017\/08\/0003-tombouctou.pdf\">D\u00e9cision portant cr\u00e9ation de la Commission R\u00e9gionale de S\u00e9lection des B\u00e9n\u00e9ficiaires du FNAA de Tombouctou<\/a><\/p>\n<p><a href=\"http:\/\/172.16.1.100\/mpfefwp-content\/uploads\/2017\/08\/0733-mopti.pdf\">D\u00e9cision portant cr\u00e9ation de la Commission R\u00e9gionale de S\u00e9lection des B\u00e9n\u00e9ficiaires du FNAA de Mopti<\/a><\/p>\n<p><a href=\"http:\/\/172.16.1.100\/mpfefwp-content\/uploads\/2017\/08\/0803-segou.pdf\">D\u00e9cision portant cr\u00e9ation de la Commission R\u00e9gionale de S\u00e9lection des B\u00e9n\u00e9ficiaires du FNAA de S\u00e9gou<\/a><\/p>\n<p><a href=\"http:\/\/172.16.1.100\/mpfefwp-content\/uploads\/2017\/08\/0530-sikasso.pdf\">D\u00e9cision portant cr\u00e9ation de la Commission R\u00e9gionale de S\u00e9lection des B\u00e9n\u00e9ficiaires du FNAA de Sikasso<\/a><\/p>\n<p><a href=\"http:\/\/172.16.1.100\/mpfefwp-content\/uploads\/2017\/08\/0931-koulikoro.pdf\">D\u00e9cision portant cr\u00e9ation de la Commission R\u00e9gionale de S\u00e9lection des B\u00e9n\u00e9ficiaires du FNAA de Koulikoro<\/a><\/p>\n<p><a href=\"http:\/\/172.16.1.100\/mpfefwp-content\/uploads\/2017\/08\/1157-kayes.pdf\">D\u00e9cision portant cr\u00e9ation de la Commission R\u00e9gionale de S\u00e9lection des B\u00e9n\u00e9ficiaires du FNAA de Kayes<\/a><\/p>\n<p><a href=\"http:\/\/172.16.1.100\/mpfefwp-content\/uploads\/2017\/08\/decision-4719-fnaa-bamako.pdf\">D\u00e9cision portant cr\u00e9ation de la Commission R\u00e9gionale de S\u00e9lection des B\u00e9n\u00e9ficiaires du FNAA de District de Bamako<\/a><\/p>\n<p><a href=\"http:\/\/172.16.1.100\/mpfefwp-content\/uploads\/2017\/08\/gao.pdf\">D\u00e9cision portant cr\u00e9ation de la Commission R\u00e9gionale de S\u00e9lection des B\u00e9n\u00e9ficiaires du FNAA de District de Gao<\/a><\/p>\n","protected":false},"author":2,"featured_media":0,"parent":0,"menu_order":0,"comment_status":"closed","ping_status":"closed","template":"","meta":{"_monsterinsights_skip_tracking":false,"_monsterinsights_sitenote_active":false,"_monsterinsights_sitenote_note":"","_monsterinsights_sitenote_category":0,"footnotes":""},"class_list":["post-9546","page","type-page","status-publish","hentry"],"aioseo_notices":[],"_links":{"self":[{"href":"https:\/\/mpfef.gouv.ml\/index.php\/wp-json\/wp\/v2\/pages\/9546","targetHints":{"allow":["GET"]}}],"collection":[{"href":"https:\/\/mpfef.gouv.ml\/index.php\/wp-json\/wp\/v2\/pages"}],"about":[{"href":"https:\/\/mpfef.gouv.ml\/index.php\/wp-json\/wp\/v2\/types\/page"}],"author":[{"embeddable":true,"href":"https:\/\/mpfef.gouv.ml\/index.php\/wp-json\/wp\/v2\/users\/2"}],"replies":[{"embeddable":true,"href":"https:\/\/mpfef.gouv.ml\/index.php\/wp-json\/wp\/v2\/comments?post=9546"}],"version-history":[{"count":3,"href":"https:\/\/mpfef.gouv.ml\/index.php\/wp-json\/wp\/v2\/pages\/9546\/revisions"}],"predecessor-version":[{"id":9559,"href":"https:\/\/mpfef.gouv.ml\/index.php\/wp-json\/wp\/v2\/pages\/9546\/revisions\/9559"}],"wp:attachment":[{"href":"https:\/\/mpfef.gouv.ml\/index.php\/wp-json\/wp\/v2\/media?parent=9546"}],"curies":[{"name":"wp","href":"https:\/\/api.w.org\/{rel}","templated":true}]}}